{"id":58792,"date":"2021-01-22T11:41:36","date_gmt":"2021-01-22T14:41:36","guid":{"rendered":"https:\/\/www.livrariarema.com.br\/loja\/produtos\/sem%20categoria\/diario-devocional-um-tempo-especial-com-deus\/"},"modified":"2025-11-26T12:40:57","modified_gmt":"2025-11-26T15:40:57","slug":"diario-devocional-um-tempo-especial-com-deus","status":"publish","type":"product","link":"https:\/\/www.livrariarema.com.br\/loja\/produtos\/livros\/devocional\/diario-devocional-um-tempo-especial-com-deus\/","title":{"rendered":"Di\u00e1rio Devocional &#8211; Um Tempo Especial Com Deus"},"content":{"rendered":"<p>Com as crescentes demandas da vida nesta p\u00f3s-modernidade, tempo de qualidade virou, quase, um artigo de luxo. Todos gostariam de ter mais disponibilidade para a fam\u00edlia, os amigos e para si mesmos &#8211; al\u00e9m, \u00e9 claro, de Deus. Ent\u00e3o, que tal reservar momentos di\u00e1rios para dedica\u00e7\u00e3o exclusiva ao amado Pai celestial? Um tempo especial com Deus \u00e9 um di\u00e1rio devocional que nos conecta com o Senhor atrav\u00e9s de reflex\u00f5es, medita\u00e7\u00f5es e pensamentos contidos nos devocionais. Com sensibilidade e devo\u00e7\u00e3o, diversas autoras conduzem a leitora a uma jornada de intimidade com Jesus abordando temas como gratid\u00e3o, confian\u00e7a, amizade, liberdade e descanso na provis\u00e3o e no amor de Deus. Al\u00e9m das mensagens, cada cap\u00edtulo reserva um espa\u00e7o para a express\u00e3o pessoal de pensamentos, sentimentos e ora\u00e7\u00f5es. Um tempo especial com Deus traz refrig\u00e9rio para a alma a cada p\u00e1gina.<\/p>\n","protected":false},"excerpt":{"rendered":"<p>Com as crescentes demandas da vida nesta p\u00f3s-modernidade, tempo de qualidade virou, quase, um artigo de luxo. Todos gostariam de&hellip;<\/p>\n","protected":false},"featured_media":340786,"comment_status":"open","ping_status":"closed","template":"","meta":[],"product_cat":[158,134],"product_tag":[],"_links":{"self":[{"href":"https:\/\/www.livrariarema.com.br\/loja\/wp-json\/wp\/v2\/product\/58792"}],"collection":[{"href":"https:\/\/www.livrariarema.com.br\/loja\/wp-json\/wp\/v2\/product"}],"about":[{"href":"https:\/\/www.livrariarema.com.br\/loja\/wp-json\/wp\/v2\/types\/product"}],"replies":[{"embeddable":true,"href":"https:\/\/www.livrariarema.com.br\/loja\/wp-json\/wp\/v2\/comments?post=58792"}],"wp:featuredmedia":[{"embeddable":true,"href":"https:\/\/www.livrariarema.com.br\/loja\/wp-json\/wp\/v2\/media\/340786"}],"wp:attachment":[{"href":"https:\/\/www.livrariarema.com.br\/loja\/wp-json\/wp\/v2\/media?parent=58792"}],"wp:term":[{"taxonomy":"product_cat","embeddable":true,"href":"https:\/\/www.livrariarema.com.br\/loja\/wp-json\/wp\/v2\/product_cat?post=58792"},{"taxonomy":"product_tag","embeddable":true,"href":"https:\/\/www.livrariarema.com.br\/loja\/wp-json\/wp\/v2\/product_tag?post=58792"}],"curies":[{"name":"wp","href":"https:\/\/api.w.org\/{rel}","templated":true}]}}