{"id":58862,"date":"2021-01-22T11:44:02","date_gmt":"2021-01-22T14:44:02","guid":{"rendered":"https:\/\/www.livrariarema.com.br\/loja\/produtos\/sem%20categoria\/caneca-de-porcelana-urban-360ml-fe-e-gratidao-sempre\/"},"modified":"2026-04-28T09:10:37","modified_gmt":"2026-04-28T12:10:37","slug":"caneca-de-porcelana-urban-360ml-fe-e-gratidao-sempre","status":"publish","type":"product","link":"https:\/\/www.livrariarema.com.br\/loja\/produtos\/diversos\/caneca\/caneca-de-porcelana-urban-360ml-fe-e-gratidao-sempre\/","title":{"rendered":"Caneca De Porcelana &#8211; Urban 300Ml &#8211; F\u00e9 E Gratid\u00e3o Sempre"},"content":{"rendered":"<p>Altura da Caneca : 9.0 x Di\u00e2metro : 8.5 cm<br \/>\nCapacidade: 300 ml<\/p>\n","protected":false},"excerpt":{"rendered":"<p>Altura da Caneca : 9.0 x Di\u00e2metro : 8.5 cm Capacidade: 300 ml<\/p>\n","protected":false},"featured_media":347254,"comment_status":"open","ping_status":"closed","template":"","meta":[],"product_cat":[235,132],"product_tag":[],"_links":{"self":[{"href":"https:\/\/www.livrariarema.com.br\/loja\/wp-json\/wp\/v2\/product\/58862"}],"collection":[{"href":"https:\/\/www.livrariarema.com.br\/loja\/wp-json\/wp\/v2\/product"}],"about":[{"href":"https:\/\/www.livrariarema.com.br\/loja\/wp-json\/wp\/v2\/types\/product"}],"replies":[{"embeddable":true,"href":"https:\/\/www.livrariarema.com.br\/loja\/wp-json\/wp\/v2\/comments?post=58862"}],"wp:featuredmedia":[{"embeddable":true,"href":"https:\/\/www.livrariarema.com.br\/loja\/wp-json\/wp\/v2\/media\/347254"}],"wp:attachment":[{"href":"https:\/\/www.livrariarema.com.br\/loja\/wp-json\/wp\/v2\/media?parent=58862"}],"wp:term":[{"taxonomy":"product_cat","embeddable":true,"href":"https:\/\/www.livrariarema.com.br\/loja\/wp-json\/wp\/v2\/product_cat?post=58862"},{"taxonomy":"product_tag","embeddable":true,"href":"https:\/\/www.livrariarema.com.br\/loja\/wp-json\/wp\/v2\/product_tag?post=58862"}],"curies":[{"name":"wp","href":"https:\/\/api.w.org\/{rel}","templated":true}]}}