{"id":58933,"date":"2021-01-22T11:45:55","date_gmt":"2021-01-22T14:45:55","guid":{"rendered":"https:\/\/www.livrariarema.com.br\/loja\/produtos\/sem%20categoria\/anne-cronicas-de-avonlea\/"},"modified":"2026-04-15T17:00:34","modified_gmt":"2026-04-15T20:00:34","slug":"anne-cronicas-de-avonlea","status":"publish","type":"product","link":"https:\/\/www.livrariarema.com.br\/loja\/produtos\/livros\/juvenil\/anne-cronicas-de-avonlea\/","title":{"rendered":"Anne &#8211; Cronicas De Avonlea"},"content":{"rendered":"<p>Anne Shirley transformou Avonlea, mas essa cidade da Ilha Pr\u00edncipe Edwards possui diversas personalidades com hist\u00f3rias divertidas e peculiares. Em Cr\u00f4nicas de Avonlea, Lucy Maud Montgomery re\u00fane doze contos que compartilham como \u00e9 a vida rodeada pelo mar com personagens novos e alguns velhos conhecidos.<\/p>\n","protected":false},"excerpt":{"rendered":"<p>Anne Shirley transformou Avonlea, mas essa cidade da Ilha Pr\u00edncipe Edwards possui diversas personalidades com hist\u00f3rias divertidas e peculiares. Em&hellip;<\/p>\n","protected":false},"featured_media":223058,"comment_status":"open","ping_status":"closed","template":"","meta":[],"product_cat":[184,134],"product_tag":[],"_links":{"self":[{"href":"https:\/\/www.livrariarema.com.br\/loja\/wp-json\/wp\/v2\/product\/58933"}],"collection":[{"href":"https:\/\/www.livrariarema.com.br\/loja\/wp-json\/wp\/v2\/product"}],"about":[{"href":"https:\/\/www.livrariarema.com.br\/loja\/wp-json\/wp\/v2\/types\/product"}],"replies":[{"embeddable":true,"href":"https:\/\/www.livrariarema.com.br\/loja\/wp-json\/wp\/v2\/comments?post=58933"}],"wp:featuredmedia":[{"embeddable":true,"href":"https:\/\/www.livrariarema.com.br\/loja\/wp-json\/wp\/v2\/media\/223058"}],"wp:attachment":[{"href":"https:\/\/www.livrariarema.com.br\/loja\/wp-json\/wp\/v2\/media?parent=58933"}],"wp:term":[{"taxonomy":"product_cat","embeddable":true,"href":"https:\/\/www.livrariarema.com.br\/loja\/wp-json\/wp\/v2\/product_cat?post=58933"},{"taxonomy":"product_tag","embeddable":true,"href":"https:\/\/www.livrariarema.com.br\/loja\/wp-json\/wp\/v2\/product_tag?post=58933"}],"curies":[{"name":"wp","href":"https:\/\/api.w.org\/{rel}","templated":true}]}}