{"id":58963,"date":"2021-01-22T11:46:54","date_gmt":"2021-01-22T14:46:54","guid":{"rendered":"https:\/\/www.livrariarema.com.br\/loja\/produtos\/sem%20categoria\/lendo-a-biblia-livro-por-livro-dr-william-h-marty-e-dr-boyd-seevers\/"},"modified":"2026-02-20T13:19:59","modified_gmt":"2026-02-20T16:19:59","slug":"lendo-a-biblia-livro-por-livro-dr-william-h-marty-e-dr-boyd-seevers","status":"publish","type":"product","link":"https:\/\/www.livrariarema.com.br\/loja\/produtos\/livros\/estudo-biblico\/lendo-a-biblia-livro-por-livro-dr-william-h-marty-e-dr-boyd-seevers\/","title":{"rendered":"Lendo A B\u00edblia Livro Por Livro &#8211; William H. Marty E Boyd Seevers"},"content":{"rendered":"<p>Uma vis\u00e3o panor\u00e2mica que facilita a compreens\u00e3o de cada livro da B\u00edblia<\/p>\n<p>Ler a B\u00edblia pode ser intimidador para iniciantes e mesmo para crist\u00e3os de mais tempo. Composta de 66 &#8220;livros&#8221; que abrangem assuntos como hist\u00f3ria, instru\u00e7\u00e3o, poesia e profecia, ela continua a ser um best-seller depois de milhares de anos. N\u00e3o poucas vezes, por\u00e9m, \u00e9 mal compreendida, mesmo por quem a l\u00ea regularmente. <\/p>\n<p>Neste guia de f\u00e1cil leitura, dois respeitados professores da B\u00edblia o ajudar\u00e3o a entender cada um dos livros das Escrituras. Os autores partem de uma linguagem n\u00e3o acad\u00eamica e v\u00e3o direto ao cerne da quest\u00e3o, concentrando-se em duas perguntas essenciais: O que a B\u00edblia diz? e Por que isso \u00e9 importante?   <\/p>\n<p>Lendo a B\u00edblia livro por livro \u00e9 tanto para o leitor j\u00e1 familiarizado com as Escrituras quanto para aqueles que a est\u00e3o lendo pela primeira vez. Ambos certamente ter\u00e3o uma compreens\u00e3o melhor do que trata a Palavra de Deus e por que ela \u00e9 o livro mais importante para a vida deles.<\/p>\n","protected":false},"excerpt":{"rendered":"<p>Uma vis\u00e3o panor\u00e2mica que facilita a compreens\u00e3o de cada livro da B\u00edblia Ler a B\u00edblia pode ser intimidador para iniciantes&hellip;<\/p>\n","protected":false},"featured_media":345022,"comment_status":"open","ping_status":"closed","template":"","meta":[],"product_cat":[161,134],"product_tag":[],"_links":{"self":[{"href":"https:\/\/www.livrariarema.com.br\/loja\/wp-json\/wp\/v2\/product\/58963"}],"collection":[{"href":"https:\/\/www.livrariarema.com.br\/loja\/wp-json\/wp\/v2\/product"}],"about":[{"href":"https:\/\/www.livrariarema.com.br\/loja\/wp-json\/wp\/v2\/types\/product"}],"replies":[{"embeddable":true,"href":"https:\/\/www.livrariarema.com.br\/loja\/wp-json\/wp\/v2\/comments?post=58963"}],"wp:featuredmedia":[{"embeddable":true,"href":"https:\/\/www.livrariarema.com.br\/loja\/wp-json\/wp\/v2\/media\/345022"}],"wp:attachment":[{"href":"https:\/\/www.livrariarema.com.br\/loja\/wp-json\/wp\/v2\/media?parent=58963"}],"wp:term":[{"taxonomy":"product_cat","embeddable":true,"href":"https:\/\/www.livrariarema.com.br\/loja\/wp-json\/wp\/v2\/product_cat?post=58963"},{"taxonomy":"product_tag","embeddable":true,"href":"https:\/\/www.livrariarema.com.br\/loja\/wp-json\/wp\/v2\/product_tag?post=58963"}],"curies":[{"name":"wp","href":"https:\/\/api.w.org\/{rel}","templated":true}]}}