{"id":58977,"date":"2021-01-22T11:47:12","date_gmt":"2021-01-22T14:47:12","guid":{"rendered":"https:\/\/www.livrariarema.com.br\/loja\/produtos\/sem%20categoria\/ntlh043plmfbts-biblia-sagrada-ilustrada-com-a-turma-do-smilinguido\/"},"modified":"2026-01-28T08:48:53","modified_gmt":"2026-01-28T11:48:53","slug":"ntlh043plmfbts-biblia-sagrada-ilustrada-com-a-turma-do-smilinguido","status":"publish","type":"product","link":"https:\/\/www.livrariarema.com.br\/loja\/produtos\/biblias\/infantil-biblias\/ntlh043plmfbts-biblia-sagrada-ilustrada-com-a-turma-do-smilinguido\/","title":{"rendered":"Ntlh043plmfbts &#8211; Biblia Sagrada &#8211; Ilustrada Com A Turma Do Smiling\u00fcido"},"content":{"rendered":"<p>A SBB traz uma nova edi\u00e7\u00e3o da B\u00edblia Sagrada &#8211; Ilustrada com a turma do Smiling\u00fcido. A edi\u00e7\u00e3o re\u00fane 80 p\u00e1ginas coloridas com os personagens da Turma do Smiling\u00fcido e texto em destaque com refer\u00eancia b\u00edblica e uma reflex\u00e3o, al\u00e9m de uma cartela de figurinhas autoadesivas para a crian\u00e7a levar a Palavra de Deus sempre com ela. Na Nova Tradu\u00e7\u00e3o na Linguagem de Hoje, a publica\u00e7\u00e3o vem com capa dura e traz o aux\u00edlio Fonte de B\u00ean\u00e7\u00e3os e \u00edndice de passagens b\u00edblicas que aborda quatro aspectos da vida crist\u00e3: relacionamento com Deus, relacionamento com as pessoas, relacionamento com a Palavra de Deus e b\u00ean\u00e7\u00e3os da vida crist\u00e3. Os vers\u00edculos recebem destaque ao longo do texto b\u00edblico.<\/p>\n","protected":false},"excerpt":{"rendered":"<p>A SBB traz uma nova edi\u00e7\u00e3o da B\u00edblia Sagrada &#8211; Ilustrada com a turma do Smiling\u00fcido. A edi\u00e7\u00e3o re\u00fane 80&hellip;<\/p>\n","protected":false},"featured_media":338511,"comment_status":"open","ping_status":"closed","template":"","meta":[],"product_cat":[139,202],"product_tag":[],"_links":{"self":[{"href":"https:\/\/www.livrariarema.com.br\/loja\/wp-json\/wp\/v2\/product\/58977"}],"collection":[{"href":"https:\/\/www.livrariarema.com.br\/loja\/wp-json\/wp\/v2\/product"}],"about":[{"href":"https:\/\/www.livrariarema.com.br\/loja\/wp-json\/wp\/v2\/types\/product"}],"replies":[{"embeddable":true,"href":"https:\/\/www.livrariarema.com.br\/loja\/wp-json\/wp\/v2\/comments?post=58977"}],"wp:featuredmedia":[{"embeddable":true,"href":"https:\/\/www.livrariarema.com.br\/loja\/wp-json\/wp\/v2\/media\/338511"}],"wp:attachment":[{"href":"https:\/\/www.livrariarema.com.br\/loja\/wp-json\/wp\/v2\/media?parent=58977"}],"wp:term":[{"taxonomy":"product_cat","embeddable":true,"href":"https:\/\/www.livrariarema.com.br\/loja\/wp-json\/wp\/v2\/product_cat?post=58977"},{"taxonomy":"product_tag","embeddable":true,"href":"https:\/\/www.livrariarema.com.br\/loja\/wp-json\/wp\/v2\/product_tag?post=58977"}],"curies":[{"name":"wp","href":"https:\/\/api.w.org\/{rel}","templated":true}]}}