{"id":58999,"date":"2021-01-22T11:47:56","date_gmt":"2021-01-22T14:47:56","guid":{"rendered":"https:\/\/www.livrariarema.com.br\/loja\/produtos\/sem%20categoria\/biblia-da-garota-crista-aquarela\/"},"modified":"2026-02-24T12:26:08","modified_gmt":"2026-02-24T15:26:08","slug":"biblia-da-garota-crista-aquarela","status":"publish","type":"product","link":"https:\/\/www.livrariarema.com.br\/loja\/produtos\/biblias\/juvenil-biblias\/biblia-da-garota-crista-aquarela\/","title":{"rendered":"B\u00edblia Da Garota Crist\u00e3 &#8211; Aquarela"},"content":{"rendered":"<p>Toda garota tem um mont\u00e3o de sonhos, planos e experi\u00eancias, mas tudo fica muito mais maneiro quando ela deixa Deus e a Palavra fazerem parte de seu mundo. \u00c9 por isso que a B\u00edblia da garota crist\u00e3 tem a sua cara, com notas, coment\u00e1rios, devocionais, dicas e outros recursos para ajudar voc\u00ea a ser assim &#8211; uma garota de bem com a vida e segundo o cora\u00e7\u00e3o do Pai. <br \/>\nRecursos da B\u00edblia da garota crist\u00e3:<br \/>\n&#8211; Textos de Hayley DiMarco, uma autora bestseller americana que manda muito bem quando o assunto \u00e9 o universo das garotas.<br \/>\n&#8211; Introdu\u00e7\u00e3o aos livros da B\u00edblia, incluindo fatos de leitura r\u00e1pida sobre quem veu cada livro, para que p\u00fablico e os temas principais.<br \/>\n&#8211; Perfil de diversas &#8220;Garotas de Deus&#8221; que se destacaram na B\u00edblia, como Maria, Ester e muitas outras.<br \/>\n&#8211; Ora\u00e7\u00f5es e devocionais para ajudar voc\u00ea a mergulhar fundo na Palavra de Deus todos os dias.<br \/>\n&#8211; &#8220;Pergunte a si mesma&#8221; para meditar em assuntos tipo fam\u00edlia, educa\u00e7\u00e3o, amizade, sexualidade, pecado, f\u00e9 e muitos outros.<br \/>\n&#8211; Ajuda r\u00e1pida, um \u00edndice com vers\u00edculos bem legais sobre temas e situa\u00e7\u00f5es que voc\u00ea enfrenta todos os dias. A B\u00edblia da garota crist\u00e3 foi feita do seu jeito para voc\u00ea se tornar a garota que Deus a criou para ser.<\/p>\n","protected":false},"excerpt":{"rendered":"<p>Toda garota tem um mont\u00e3o de sonhos, planos e experi\u00eancias, mas tudo fica muito mais maneiro quando ela deixa Deus&hellip;<\/p>\n","protected":false},"featured_media":345331,"comment_status":"open","ping_status":"closed","template":"","meta":[],"product_cat":[139,192],"product_tag":[],"_links":{"self":[{"href":"https:\/\/www.livrariarema.com.br\/loja\/wp-json\/wp\/v2\/product\/58999"}],"collection":[{"href":"https:\/\/www.livrariarema.com.br\/loja\/wp-json\/wp\/v2\/product"}],"about":[{"href":"https:\/\/www.livrariarema.com.br\/loja\/wp-json\/wp\/v2\/types\/product"}],"replies":[{"embeddable":true,"href":"https:\/\/www.livrariarema.com.br\/loja\/wp-json\/wp\/v2\/comments?post=58999"}],"wp:featuredmedia":[{"embeddable":true,"href":"https:\/\/www.livrariarema.com.br\/loja\/wp-json\/wp\/v2\/media\/345331"}],"wp:attachment":[{"href":"https:\/\/www.livrariarema.com.br\/loja\/wp-json\/wp\/v2\/media?parent=58999"}],"wp:term":[{"taxonomy":"product_cat","embeddable":true,"href":"https:\/\/www.livrariarema.com.br\/loja\/wp-json\/wp\/v2\/product_cat?post=58999"},{"taxonomy":"product_tag","embeddable":true,"href":"https:\/\/www.livrariarema.com.br\/loja\/wp-json\/wp\/v2\/product_tag?post=58999"}],"curies":[{"name":"wp","href":"https:\/\/api.w.org\/{rel}","templated":true}]}}