{"id":59023,"date":"2021-01-22T11:48:44","date_gmt":"2021-01-22T14:48:44","guid":{"rendered":"https:\/\/www.livrariarema.com.br\/loja\/produtos\/sem%20categoria\/sofrimento-nunca-e-em-vao-o-elisabeth-elliot\/"},"modified":"2026-03-16T13:40:07","modified_gmt":"2026-03-16T16:40:07","slug":"sofrimento-nunca-e-em-vao-o-elisabeth-elliot","status":"publish","type":"product","link":"https:\/\/www.livrariarema.com.br\/loja\/produtos\/livros\/cura-libertacao\/sofrimento-nunca-e-em-vao-o-elisabeth-elliot\/","title":{"rendered":"Sofrimento Nunca \u00c9 Em V\u00e3o, O &#8211; Elisabeth Elliot"},"content":{"rendered":"<p>O sofrimento foi um meio insubstitu\u00edvel pelo qual aprendi uma verdade indispens\u00e1vel. &#8220;Eu sou. Eu sou o Senhor.&#8221; Em outras palavras, aprendi que Deus \u00e9 Deus.<\/p>\n<p>Quando eu soube que meu primeiro marido, Jim, estava desaparecido na reserva ind\u00edgena Auca, o Senhor trouxe \u00e0 minha mente algumas palavras do profeta Isa\u00edas: &#8220;Quando passares pelas \u00e1guas, eu serei contigo; quando, pelos rios, eles n\u00e3o te submergir\u00e3o&#8221; (Is 43.2).<\/p>\n<p>Ent\u00e3o, em sil\u00eancio, orei: &#8220;Senhor, n\u00e3o permita que as \u00e1guas transbordem&#8221;. E ele me ouviu e me respondeu. Dois anos depois, fui morar com os \u00edndios que haviam matado Jim. Dezesseis anos depois, ap\u00f3s ter voltado aos Estados Unidos, casei-me com um te\u00f3logo chamado Addison Leitch. Tr\u00eas anos e meio depois, ele morreu de c\u00e2ncer.<\/p>\n<p>Algumas situa\u00e7\u00f5es dif\u00edceis t\u00eam ocorrido na minha vida, \u00e9 claro, assim como na sua; e eu n\u00e3o posso lhe dizer: &#8220;Sei exatamente aquilo pelo qual voc\u00ea est\u00e1 passando&#8221;. Mas posso afirmar: conhe\u00e7o aquele que sabe. Ent\u00e3o, cheguei \u00e0 conclus\u00e3o de que foi por meio do sofrimento mais intenso que Deus me ensinou as li\u00e7\u00f5es mais profundas.<\/p>\n<p>E, se confiarmos nele dessa forma, podemos chegar \u00e0 seguran\u00e7a inabal\u00e1vel de que ele est\u00e1 no comando. Deus tem um prop\u00f3sito amoroso. E ele pode transformar algo terr\u00edvel em algo maravilhoso. O sofrimento nunca \u00e9 em v\u00e3o.<\/p>\n<p>Sofrimento: Dessas \u00e1guas mais profundas e dessas chamas mais ardentes, vieram as li\u00e7\u00f5es mais profundas que eu sei sobre Deus.<br \/>\nSe aprendermos a conhecer Deus em meio \u00e0 nossa dor, passaremos a conhec\u00ea-lo como aquele que n\u00e3o \u00e9 um Sumo Sacerdote incapaz de se compadecer diante do sentimento de nossas fraquezas. Ele \u00e9 algu\u00e9m que caminhou cada cent\u00edmetro da estrada.<\/p>\n<p>Seja l\u00e1 o que estiver no c\u00e1lice que Deus est\u00e1 me oferecendo &#8211; dor, tristeza, sofrimento ou lamento, como tamb\u00e9m as superabundantes alegrias -, estou disposta a tomar, pois eu confio nele.<\/p>\n","protected":false},"excerpt":{"rendered":"<p>O sofrimento foi um meio insubstitu\u00edvel pelo qual aprendi uma verdade indispens\u00e1vel. &#8220;Eu sou. Eu sou o Senhor.&#8221; Em outras&hellip;<\/p>\n","protected":false},"featured_media":346348,"comment_status":"open","ping_status":"closed","template":"","meta":[],"product_cat":[157,134],"product_tag":[],"_links":{"self":[{"href":"https:\/\/www.livrariarema.com.br\/loja\/wp-json\/wp\/v2\/product\/59023"}],"collection":[{"href":"https:\/\/www.livrariarema.com.br\/loja\/wp-json\/wp\/v2\/product"}],"about":[{"href":"https:\/\/www.livrariarema.com.br\/loja\/wp-json\/wp\/v2\/types\/product"}],"replies":[{"embeddable":true,"href":"https:\/\/www.livrariarema.com.br\/loja\/wp-json\/wp\/v2\/comments?post=59023"}],"wp:featuredmedia":[{"embeddable":true,"href":"https:\/\/www.livrariarema.com.br\/loja\/wp-json\/wp\/v2\/media\/346348"}],"wp:attachment":[{"href":"https:\/\/www.livrariarema.com.br\/loja\/wp-json\/wp\/v2\/media?parent=59023"}],"wp:term":[{"taxonomy":"product_cat","embeddable":true,"href":"https:\/\/www.livrariarema.com.br\/loja\/wp-json\/wp\/v2\/product_cat?post=59023"},{"taxonomy":"product_tag","embeddable":true,"href":"https:\/\/www.livrariarema.com.br\/loja\/wp-json\/wp\/v2\/product_tag?post=59023"}],"curies":[{"name":"wp","href":"https:\/\/api.w.org\/{rel}","templated":true}]}}