{"id":59041,"date":"2021-01-22T11:49:25","date_gmt":"2021-01-22T14:49:25","guid":{"rendered":"https:\/\/www.livrariarema.com.br\/loja\/produtos\/sem%20categoria\/oleo-da-uncao-1000ml-plastico-mirra\/"},"modified":"2026-03-25T15:24:33","modified_gmt":"2026-03-25T18:24:33","slug":"oleo-da-uncao-1000ml-plastico-mirra","status":"publish","type":"product","link":"https:\/\/www.livrariarema.com.br\/loja\/produtos\/diversos\/oleo-da-uncao\/oleo-da-uncao-1000ml-plastico-mirra\/","title":{"rendered":"\u00d3leo Da Un\u00e7\u00e3o &#8211; 1000Ml &#8211; D\u00e1diva &#8211; Mirra"},"content":{"rendered":"<p>Esse \u00e9 um \u00f3leo usado em casos de Liberta\u00e7\u00e3o, casamentos, cura, em guerras espirituais e em adora\u00e7\u00f5es.<\/p>\n<p>Era usado para expulsar dem\u00f4nios e ungir doentes, como \u00e9 citado em Lucas 4:18 NVI, onde o \u00f3leo \u00e9 usado como meio de proclamar quem deveria cuidar de outras pessoas e libertar oprimidos. Ele tamb\u00e9m \u00e9 citado em C\u00e2ntico dos C\u00e2nticos 5:4-6 NVI, quando \u00e9 usado ap\u00f3s a cerim\u00f4nia de um casamento. Em Mateus 2:11 NVI, a mirra \u00e9 usada como presente a Maria, como ato de adora\u00e7\u00e3o ao nascimento de Jesus.<\/p>\n<p>As ess\u00eancias b\u00edblicas s\u00e3o apenas s\u00edmbolos f\u00edsicos da verdadeira un\u00e7\u00e3o derramada sobre n\u00f3s pelo Esp\u00edrito Santo. Em outras palavras, os perfumes n\u00e3o devem ser vistos como um ve\u00edculo para alcan\u00e7ar o nosso prop\u00f3sito, mas um s\u00edmbolo do que devemos pedir ao Senhor como dons espirituais e do que Ele pode fazer fluir das nossas m\u00e3os quando desejar nos usar para um determinado prop\u00f3sito. A palavra de Deus \u00e9 a for\u00e7a soberana.<\/p>\n","protected":false},"excerpt":{"rendered":"<p>Esse \u00e9 um \u00f3leo usado em casos de Liberta\u00e7\u00e3o, casamentos, cura, em guerras espirituais e em adora\u00e7\u00f5es. Era usado para&hellip;<\/p>\n","protected":false},"featured_media":342670,"comment_status":"open","ping_status":"closed","template":"","meta":[],"product_cat":[132,270],"product_tag":[],"_links":{"self":[{"href":"https:\/\/www.livrariarema.com.br\/loja\/wp-json\/wp\/v2\/product\/59041"}],"collection":[{"href":"https:\/\/www.livrariarema.com.br\/loja\/wp-json\/wp\/v2\/product"}],"about":[{"href":"https:\/\/www.livrariarema.com.br\/loja\/wp-json\/wp\/v2\/types\/product"}],"replies":[{"embeddable":true,"href":"https:\/\/www.livrariarema.com.br\/loja\/wp-json\/wp\/v2\/comments?post=59041"}],"wp:featuredmedia":[{"embeddable":true,"href":"https:\/\/www.livrariarema.com.br\/loja\/wp-json\/wp\/v2\/media\/342670"}],"wp:attachment":[{"href":"https:\/\/www.livrariarema.com.br\/loja\/wp-json\/wp\/v2\/media?parent=59041"}],"wp:term":[{"taxonomy":"product_cat","embeddable":true,"href":"https:\/\/www.livrariarema.com.br\/loja\/wp-json\/wp\/v2\/product_cat?post=59041"},{"taxonomy":"product_tag","embeddable":true,"href":"https:\/\/www.livrariarema.com.br\/loja\/wp-json\/wp\/v2\/product_tag?post=59041"}],"curies":[{"name":"wp","href":"https:\/\/api.w.org\/{rel}","templated":true}]}}