{"id":59043,"date":"2021-01-22T11:49:29","date_gmt":"2021-01-22T14:49:29","guid":{"rendered":"https:\/\/www.livrariarema.com.br\/loja\/produtos\/sem%20categoria\/oleo-da-uncao-1000ml-plastico-alegria\/"},"modified":"2024-08-10T12:03:33","modified_gmt":"2024-08-10T15:03:33","slug":"oleo-da-uncao-1000ml-plastico-alegria","status":"publish","type":"product","link":"https:\/\/www.livrariarema.com.br\/loja\/produtos\/diversos\/oleo-da-uncao\/oleo-da-uncao-1000ml-plastico-alegria\/","title":{"rendered":"\u00d3leo Da Un\u00e7\u00e3o &#8211; 1000Ml &#8211; Pl\u00e1stico &#8211; Alegria"},"content":{"rendered":"<p>A composi\u00e7\u00e3o desse \u00f3leo \u00e9 a mistura de v\u00e1rias especiarias, como mirra, c\u00e1ssia e alo\u00e9s. Ele tem a finalidade de alegrar o cora\u00e7\u00e3o que \u00e9 ungido por ele, como \u00e9 citado em Isa\u00edas 61:2, 3 NVI: &#8220;(.) Para consolar todos os que andam tristes e dar a todos os que choram em Si\u00e3o uma bela coroa em vez de cinzas, o \u00f3leo da alegria em vez de pranto e um manto de louvor em vez de esp\u00edrito deprimido.&#8221;<br \/><Br><br \/>\nAs ess\u00eancias b\u00edblicas s\u00e3o apenas s\u00edmbolos f\u00edsicos da verdadeira un\u00e7\u00e3o derramada sobre n\u00f3s pelo Esp\u00edrito Santo. Em outras palavras, os perfumes n\u00e3o devem ser vistos como um ve\u00edculo para alcan\u00e7ar o nosso prop\u00f3sito, mas um s\u00edmbolo do que devemos pedir ao Senhor como dons espirituais e do que Ele pode fazer fluir das nossas m\u00e3os quando desejar nos usar para um determinado prop\u00f3sito. A palavra de Deus \u00e9 a for\u00e7a soberana.<\/p>\n","protected":false},"excerpt":{"rendered":"<p>A composi\u00e7\u00e3o desse \u00f3leo \u00e9 a mistura de v\u00e1rias especiarias, como mirra, c\u00e1ssia e alo\u00e9s. Ele tem a finalidade de&hellip;<\/p>\n","protected":false},"featured_media":296370,"comment_status":"open","ping_status":"closed","template":"","meta":[],"product_cat":[132,270],"product_tag":[],"_links":{"self":[{"href":"https:\/\/www.livrariarema.com.br\/loja\/wp-json\/wp\/v2\/product\/59043"}],"collection":[{"href":"https:\/\/www.livrariarema.com.br\/loja\/wp-json\/wp\/v2\/product"}],"about":[{"href":"https:\/\/www.livrariarema.com.br\/loja\/wp-json\/wp\/v2\/types\/product"}],"replies":[{"embeddable":true,"href":"https:\/\/www.livrariarema.com.br\/loja\/wp-json\/wp\/v2\/comments?post=59043"}],"wp:featuredmedia":[{"embeddable":true,"href":"https:\/\/www.livrariarema.com.br\/loja\/wp-json\/wp\/v2\/media\/296370"}],"wp:attachment":[{"href":"https:\/\/www.livrariarema.com.br\/loja\/wp-json\/wp\/v2\/media?parent=59043"}],"wp:term":[{"taxonomy":"product_cat","embeddable":true,"href":"https:\/\/www.livrariarema.com.br\/loja\/wp-json\/wp\/v2\/product_cat?post=59043"},{"taxonomy":"product_tag","embeddable":true,"href":"https:\/\/www.livrariarema.com.br\/loja\/wp-json\/wp\/v2\/product_tag?post=59043"}],"curies":[{"name":"wp","href":"https:\/\/api.w.org\/{rel}","templated":true}]}}