{"id":59047,"date":"2021-01-22T11:49:36","date_gmt":"2021-01-22T14:49:36","guid":{"rendered":"https:\/\/www.livrariarema.com.br\/loja\/produtos\/sem%20categoria\/oleo-da-uncao-1000ml-plastico-balsamo\/"},"modified":"2025-12-22T12:55:35","modified_gmt":"2025-12-22T15:55:35","slug":"oleo-da-uncao-1000ml-plastico-balsamo","status":"publish","type":"product","link":"https:\/\/www.livrariarema.com.br\/loja\/produtos\/diversos\/oleo-da-uncao\/oleo-da-uncao-1000ml-plastico-balsamo\/","title":{"rendered":"\u00d3leo Da Un\u00e7\u00e3o &#8211; 1000Ml &#8211; D\u00e1diva &#8211; B\u00e1lsamo"},"content":{"rendered":"<p>O b\u00e1lsamo tem como finalidade curar a alma e o corpo. Em v\u00e1rias passagens da b\u00edblia ele \u00e9 citado como um m\u00e9todo para a cura, como em Jeremias 46:11 NVI NVI, onde \u00e9 dito: &#8220;&#8221;Suba a Gileade em busca de b\u00e1lsamo, \u00f3 virgem, filha do Egito&#8221;! Voc\u00ea multiplica rem\u00e9dios em v\u00e3o; n\u00e3o h\u00e1 cura para voc\u00ea.&#8221;. \u00c9 um \u00f3leo usado na cidade de Gileade com intensas propriedades curativas.<\/p>\n<p>As ess\u00eancias b\u00edblicas s\u00e3o apenas s\u00edmbolos f\u00edsicos da verdadeira un\u00e7\u00e3o derramada sobre n\u00f3s pelo Esp\u00edrito Santo. Em outras palavras, os perfumes n\u00e3o devem ser vistos como um ve\u00edculo para alcan\u00e7ar o nosso prop\u00f3sito, mas um s\u00edmbolo do que devemos pedir ao Senhor como dons espirituais e do que Ele pode fazer fluir das nossas m\u00e3os quando desejar nos usar para um determinado prop\u00f3sito. A palavra de Deus \u00e9 a for\u00e7a soberana.<\/p>\n","protected":false},"excerpt":{"rendered":"<p>O b\u00e1lsamo tem como finalidade curar a alma e o corpo. Em v\u00e1rias passagens da b\u00edblia ele \u00e9 citado como&hellip;<\/p>\n","protected":false},"featured_media":342669,"comment_status":"open","ping_status":"closed","template":"","meta":[],"product_cat":[132,270],"product_tag":[],"_links":{"self":[{"href":"https:\/\/www.livrariarema.com.br\/loja\/wp-json\/wp\/v2\/product\/59047"}],"collection":[{"href":"https:\/\/www.livrariarema.com.br\/loja\/wp-json\/wp\/v2\/product"}],"about":[{"href":"https:\/\/www.livrariarema.com.br\/loja\/wp-json\/wp\/v2\/types\/product"}],"replies":[{"embeddable":true,"href":"https:\/\/www.livrariarema.com.br\/loja\/wp-json\/wp\/v2\/comments?post=59047"}],"wp:featuredmedia":[{"embeddable":true,"href":"https:\/\/www.livrariarema.com.br\/loja\/wp-json\/wp\/v2\/media\/342669"}],"wp:attachment":[{"href":"https:\/\/www.livrariarema.com.br\/loja\/wp-json\/wp\/v2\/media?parent=59047"}],"wp:term":[{"taxonomy":"product_cat","embeddable":true,"href":"https:\/\/www.livrariarema.com.br\/loja\/wp-json\/wp\/v2\/product_cat?post=59047"},{"taxonomy":"product_tag","embeddable":true,"href":"https:\/\/www.livrariarema.com.br\/loja\/wp-json\/wp\/v2\/product_tag?post=59047"}],"curies":[{"name":"wp","href":"https:\/\/api.w.org\/{rel}","templated":true}]}}