{"id":59049,"date":"2021-01-22T11:49:39","date_gmt":"2021-01-22T14:49:39","guid":{"rendered":"https:\/\/www.livrariarema.com.br\/loja\/produtos\/sem%20categoria\/oleo-da-uncao-1000ml-plastico-nardo-verde\/"},"modified":"2024-08-14T02:35:49","modified_gmt":"2024-08-14T05:35:49","slug":"oleo-da-uncao-1000ml-plastico-nardo-verde","status":"publish","type":"product","link":"https:\/\/www.livrariarema.com.br\/loja\/produtos\/diversos\/oleo-da-uncao\/oleo-da-uncao-1000ml-plastico-nardo-verde\/","title":{"rendered":"\u00d3leo Da Un\u00e7\u00e3o &#8211; 1000Ml &#8211; Pl\u00e1stico &#8211; Nardo"},"content":{"rendered":"<p>Esse \u00e9 um \u00f3leo usado para a renova\u00e7\u00e3o espiritual e tamb\u00e9m para a prosperidade, trazendo a presen\u00e7a do Esp\u00edrito Santo. \u00c9 citado em Jo\u00e3o 12:3 NVI, quando Maria derrama nardo sobre os p\u00e9s de Jesus, e em Marcos 14:3 NVI, quando Jesus da um frasco com \u00f3leo a uma mulher para que ela curasse um leproso.<\/p>\n<p>As ess\u00eancias b\u00edblicas s\u00e3o apenas s\u00edmbolos f\u00edsicos da verdadeira un\u00e7\u00e3o derramada sobre n\u00f3s pelo Esp\u00edrito Santo. Em outras palavras, os perfumes n\u00e3o devem ser vistos como um ve\u00edculo para alcan\u00e7ar o nosso prop\u00f3sito, mas um s\u00edmbolo do que devemos pedir ao Senhor como dons espirituais e do que Ele pode fazer fluir das nossas m\u00e3os quando desejar nos usar para um determinado prop\u00f3sito. A palavra de Deus \u00e9 a for\u00e7a soberana.<\/p>\n","protected":false},"excerpt":{"rendered":"<p>Esse \u00e9 um \u00f3leo usado para a renova\u00e7\u00e3o espiritual e tamb\u00e9m para a prosperidade, trazendo a presen\u00e7a do Esp\u00edrito Santo.&hellip;<\/p>\n","protected":false},"featured_media":296374,"comment_status":"open","ping_status":"closed","template":"","meta":[],"product_cat":[132,270],"product_tag":[],"_links":{"self":[{"href":"https:\/\/www.livrariarema.com.br\/loja\/wp-json\/wp\/v2\/product\/59049"}],"collection":[{"href":"https:\/\/www.livrariarema.com.br\/loja\/wp-json\/wp\/v2\/product"}],"about":[{"href":"https:\/\/www.livrariarema.com.br\/loja\/wp-json\/wp\/v2\/types\/product"}],"replies":[{"embeddable":true,"href":"https:\/\/www.livrariarema.com.br\/loja\/wp-json\/wp\/v2\/comments?post=59049"}],"wp:featuredmedia":[{"embeddable":true,"href":"https:\/\/www.livrariarema.com.br\/loja\/wp-json\/wp\/v2\/media\/296374"}],"wp:attachment":[{"href":"https:\/\/www.livrariarema.com.br\/loja\/wp-json\/wp\/v2\/media?parent=59049"}],"wp:term":[{"taxonomy":"product_cat","embeddable":true,"href":"https:\/\/www.livrariarema.com.br\/loja\/wp-json\/wp\/v2\/product_cat?post=59049"},{"taxonomy":"product_tag","embeddable":true,"href":"https:\/\/www.livrariarema.com.br\/loja\/wp-json\/wp\/v2\/product_tag?post=59049"}],"curies":[{"name":"wp","href":"https:\/\/api.w.org\/{rel}","templated":true}]}}