{"id":59224,"date":"2021-01-22T11:54:42","date_gmt":"2021-01-22T14:54:42","guid":{"rendered":"https:\/\/www.livrariarema.com.br\/loja\/produtos\/sem%20categoria\/biblia-de-estudo-swindoll-nvt-preta-charles-r-swindoll\/"},"modified":"2025-12-12T15:10:45","modified_gmt":"2025-12-12T18:10:45","slug":"biblia-de-estudo-swindoll-nvt-preta-charles-r-swindoll","status":"publish","type":"product","link":"https:\/\/www.livrariarema.com.br\/loja\/produtos\/biblias\/estudo\/biblia-de-estudo-swindoll-nvt-preta-charles-r-swindoll\/","title":{"rendered":"B\u00edblia De Estudo Swindoll &#8211; Nvt &#8211; Petra &#8211; Charles R. Swindoll"},"content":{"rendered":"<p>Chegou a B\u00edblia de Estudo Swindoll na vers\u00e3o NVT e com Letra Grande.<\/p>\n<p>Recursos pr\u00e1ticos e edificantes<\/p>\n<p>Introdu\u00e7\u00f5es: Apresenta\u00e7\u00e3o de cada um dos 66 livros da B\u00edblia.<br \/>\nMomentos de ora\u00e7\u00e3o: 85 ora\u00e7\u00f5es que buscam for\u00e7a e orienta\u00e7\u00e3o para uma vida alinhada \u00e0 Palavra de Deus.<br \/>\nViagem pela terra santa: 73 textos e fotografias que levar\u00e3o voc\u00ea por uma jornada atrav\u00e9s de s\u00edtios arqueol\u00f3gicos e geogr\u00e1ficos relacionados com a B\u00edblia.<br \/>\nPerfis pessoais: 37 textos que destacam figuras-chave na hist\u00f3ria b\u00edblica.<br \/>\nIdeias Vivas: Mais de 1.600 insights extra\u00eddos de serm\u00f5es do autor, destacando ensinamentos importantes das Escrituras.<br \/>\nArtigos de aplica\u00e7\u00e3o : 219 textos de p\u00e1gina inteira em que o autor explica passagens importantes em estilo cativante e envolvente.<br \/>\nMateriais de refer\u00eancia<\/p>\n<p>Examinando as escrituras: Explica\u00e7\u00e3o de princ\u00edpios b\u00e1sicos para uma interpreta\u00e7\u00e3o adequada e proveitosa da B\u00edblia Sagrada.<br \/>\nPlano de leitura: Sugest\u00e3o de leitura di\u00e1ria, incluindo os recursos adicionais, em at\u00e9 2 anos.<br \/>\n\u00cdndice de se\u00e7\u00f5es: Recursos adicionais listados em ordem alfab\u00e9tica.<br \/>\nDicion\u00e1rio\/Concord\u00e2ncia: Mais de 120 p\u00e1ginas que apresentam o significado e centenas de verbetes e apontam suas principais ocorr\u00eancias no texto b\u00edblico.<br \/>\nMapas coloridos: Caderno de 16 p\u00e1ginas com mapas indicando pontos geogr\u00e1ficos relevantes para o entendimento geral das Escrituras.<br \/>\nNa B\u00edblia de Estudo Swindoll voc\u00ea encontra sabedoria confi\u00e1vel, aplica\u00e7\u00e3o pr\u00e1tica e perspectiva revigorante.<\/p>\n<p>Charles Swindoll<br \/>\nO autor Charles R. Swindoll escreveu mais de 90 livros, v\u00e1rios deles campe\u00f5es de vendas, entre os quais os t\u00edtulos da premiad\u00edssima s\u00e9rie &#8220;Her\u00f3is da F\u00e9&#8221;, publicada em l\u00edngua portuguesa pela Editora Mundo Crist\u00e3o. Charles Swindoll tem dedicado mais de 40 anos de sua vida a duas grandes paix\u00f5es: um compromisso s\u00e9rio com a comunica\u00e7\u00e3o pr\u00e1tica da Palavra de Deus, e uma incans\u00e1vel devo\u00e7\u00e3o ao privil\u00e9gio de ver vidas transformadas pela gra\u00e7a de Deus.<\/p>\n","protected":false},"excerpt":{"rendered":"<p>Chegou a B\u00edblia de Estudo Swindoll na vers\u00e3o NVT e com Letra Grande. Recursos pr\u00e1ticos e edificantes Introdu\u00e7\u00f5es: Apresenta\u00e7\u00e3o de&hellip;<\/p>\n","protected":false},"featured_media":320193,"comment_status":"open","ping_status":"closed","template":"","meta":[],"product_cat":[139,140],"product_tag":[],"_links":{"self":[{"href":"https:\/\/www.livrariarema.com.br\/loja\/wp-json\/wp\/v2\/product\/59224"}],"collection":[{"href":"https:\/\/www.livrariarema.com.br\/loja\/wp-json\/wp\/v2\/product"}],"about":[{"href":"https:\/\/www.livrariarema.com.br\/loja\/wp-json\/wp\/v2\/types\/product"}],"replies":[{"embeddable":true,"href":"https:\/\/www.livrariarema.com.br\/loja\/wp-json\/wp\/v2\/comments?post=59224"}],"wp:featuredmedia":[{"embeddable":true,"href":"https:\/\/www.livrariarema.com.br\/loja\/wp-json\/wp\/v2\/media\/320193"}],"wp:attachment":[{"href":"https:\/\/www.livrariarema.com.br\/loja\/wp-json\/wp\/v2\/media?parent=59224"}],"wp:term":[{"taxonomy":"product_cat","embeddable":true,"href":"https:\/\/www.livrariarema.com.br\/loja\/wp-json\/wp\/v2\/product_cat?post=59224"},{"taxonomy":"product_tag","embeddable":true,"href":"https:\/\/www.livrariarema.com.br\/loja\/wp-json\/wp\/v2\/product_tag?post=59224"}],"curies":[{"name":"wp","href":"https:\/\/api.w.org\/{rel}","templated":true}]}}