{"id":59238,"date":"2021-01-22T11:55:11","date_gmt":"2021-01-22T14:55:11","guid":{"rendered":"https:\/\/www.livrariarema.com.br\/loja\/produtos\/sem%20categoria\/serie-herois-cristaos-ontem-e-hoje-sundar-singh-janet-benge-e-geoff-benge\/"},"modified":"2026-03-04T12:38:17","modified_gmt":"2026-03-04T15:38:17","slug":"serie-herois-cristaos-ontem-e-hoje-sundar-singh-janet-benge-e-geoff-benge","status":"publish","type":"product","link":"https:\/\/www.livrariarema.com.br\/loja\/produtos\/livros\/biografia\/serie-herois-cristaos-ontem-e-hoje-sundar-singh-janet-benge-e-geoff-benge\/","title":{"rendered":"S\u00e9rie Her\u00f3is Crist\u00e3os Ontem E Hoje &#8211; Vol. 08 &#8211; Sundar Singh &#8211; Janet Benge E Geoff Benge"},"content":{"rendered":"<p>Enquanto Sundar pregava o evangelho \u00e0 multid\u00e3o, a guarda do mosteiro avan\u00e7ou e o prendeu. Sundar foi arrastado para a periferia da cidade e jogado no fundo de um po\u00e7o abandonado. O ar estava podre. Desespero e solid\u00e3o logo tomaram conta dele. Deixado para morrer, Sundar se apoiou na lateral do po\u00e7o e come\u00e7ou a orar.<\/p>\n<p>Buscando desde a inf\u00e2ncia o caminho para Deus, Sundar Singh encontrou a verdade em Jesus Cristo. Aos dezesseis anos, o ex-sikh tornou-se um sadhu crist\u00e3o, ou homem santo, e com grande risco dedicou sua vida a Cristo. Com os p\u00e9s descal\u00e7os e poucas posses, Sundar atravessou o Himalaia prec\u00e1rio entre a \u00cdndia e o Tibete muitas vezes, compartilhando o evangelho com hindus, budistas, sikhs &#8211; at\u00e9 ladr\u00f5es.<\/p>\n<p>Enquanto ele viajava, Sundar constantemente leu a B\u00edblia, orou e meditou, confiante de que Deus estava sempre com ele, mesmo diante da morte. Pregando na \u00c1sia, na Europa e em lugares t\u00e3o distantes quanto os Estados Unidos, esse santo indiano impactou milhares com suas palavras e a\u00e7\u00f5es calmas e ousadas.<\/p>\n","protected":false},"excerpt":{"rendered":"<p>Enquanto Sundar pregava o evangelho \u00e0 multid\u00e3o, a guarda do mosteiro avan\u00e7ou e o prendeu. Sundar foi arrastado para a&hellip;<\/p>\n","protected":false},"featured_media":345837,"comment_status":"open","ping_status":"closed","template":"","meta":[],"product_cat":[181,134],"product_tag":[],"_links":{"self":[{"href":"https:\/\/www.livrariarema.com.br\/loja\/wp-json\/wp\/v2\/product\/59238"}],"collection":[{"href":"https:\/\/www.livrariarema.com.br\/loja\/wp-json\/wp\/v2\/product"}],"about":[{"href":"https:\/\/www.livrariarema.com.br\/loja\/wp-json\/wp\/v2\/types\/product"}],"replies":[{"embeddable":true,"href":"https:\/\/www.livrariarema.com.br\/loja\/wp-json\/wp\/v2\/comments?post=59238"}],"wp:featuredmedia":[{"embeddable":true,"href":"https:\/\/www.livrariarema.com.br\/loja\/wp-json\/wp\/v2\/media\/345837"}],"wp:attachment":[{"href":"https:\/\/www.livrariarema.com.br\/loja\/wp-json\/wp\/v2\/media?parent=59238"}],"wp:term":[{"taxonomy":"product_cat","embeddable":true,"href":"https:\/\/www.livrariarema.com.br\/loja\/wp-json\/wp\/v2\/product_cat?post=59238"},{"taxonomy":"product_tag","embeddable":true,"href":"https:\/\/www.livrariarema.com.br\/loja\/wp-json\/wp\/v2\/product_tag?post=59238"}],"curies":[{"name":"wp","href":"https:\/\/api.w.org\/{rel}","templated":true}]}}