{"id":59269,"date":"2021-01-22T13:22:02","date_gmt":"2021-01-22T16:22:02","guid":{"rendered":"https:\/\/www.livrariarema.com.br\/loja\/produtos\/sem categoria\/pulseira-couro-sintetico-com-metal-amor-preta\/"},"modified":"2021-06-25T10:11:02","modified_gmt":"2021-06-25T13:11:02","slug":"pulseira-couro-sintetico-com-metal-amor-preta","status":"publish","type":"product","link":"https:\/\/www.livrariarema.com.br\/loja\/produtos\/diversos\/bijuteria\/pulseira-couro-sintetico-com-metal-amor-preta\/","title":{"rendered":"PULSEIRA &#8211; COURO SINT\u00c9TICO COM METAL &#8211; AMOR &#8211; PRETA"},"content":{"rendered":"<p>Pulseira ajust\u00e1vel em couro sint\u00e9tico com detalhe em metal.<\/p>\n","protected":false},"excerpt":{"rendered":"<p>Pulseira ajust\u00e1vel em couro sint\u00e9tico com detalhe em metal.<\/p>\n","protected":false},"featured_media":59268,"comment_status":"open","ping_status":"closed","template":"","meta":[],"product_cat":[273,132],"product_tag":[],"_links":{"self":[{"href":"https:\/\/www.livrariarema.com.br\/loja\/wp-json\/wp\/v2\/product\/59269"}],"collection":[{"href":"https:\/\/www.livrariarema.com.br\/loja\/wp-json\/wp\/v2\/product"}],"about":[{"href":"https:\/\/www.livrariarema.com.br\/loja\/wp-json\/wp\/v2\/types\/product"}],"replies":[{"embeddable":true,"href":"https:\/\/www.livrariarema.com.br\/loja\/wp-json\/wp\/v2\/comments?post=59269"}],"wp:featuredmedia":[{"embeddable":true,"href":"https:\/\/www.livrariarema.com.br\/loja\/wp-json\/wp\/v2\/media\/59268"}],"wp:attachment":[{"href":"https:\/\/www.livrariarema.com.br\/loja\/wp-json\/wp\/v2\/media?parent=59269"}],"wp:term":[{"taxonomy":"product_cat","embeddable":true,"href":"https:\/\/www.livrariarema.com.br\/loja\/wp-json\/wp\/v2\/product_cat?post=59269"},{"taxonomy":"product_tag","embeddable":true,"href":"https:\/\/www.livrariarema.com.br\/loja\/wp-json\/wp\/v2\/product_tag?post=59269"}],"curies":[{"name":"wp","href":"https:\/\/api.w.org\/{rel}","templated":true}]}}