{"id":59372,"date":"2021-01-22T13:24:51","date_gmt":"2021-01-22T16:24:51","guid":{"rendered":"https:\/\/www.livrariarema.com.br\/loja\/produtos\/sem%20categoria\/biblia-nvt-semi-luxo-coracao-brilhante\/"},"modified":"2026-03-25T14:54:17","modified_gmt":"2026-03-25T17:54:17","slug":"biblia-nvt-semi-luxo-coracao-brilhante","status":"publish","type":"product","link":"https:\/\/www.livrariarema.com.br\/loja\/produtos\/biblias\/nvt\/biblia-nvt-semi-luxo-coracao-brilhante\/","title":{"rendered":"B\u00edblia &#8211; Nvt &#8211; Semi Luxo &#8211; Cora\u00e7\u00e3o Brilhante"},"content":{"rendered":"<p>Que tal uma vers\u00e3o b\u00edblica de f\u00e1cil entendimento, em uma linda edi\u00e7\u00e3o e com f\u00e1cil manuseio? Pois a nov\u00edssima B\u00edblia NVT \u00e9 tudo isso e muito mais. Desde que foi lan\u00e7ada, a Nova Vers\u00e3o Transformadora da B\u00edblia Sagrada agradou em cheio ao leitor brasileiro, e agora a GEOGR\u00c1FICA EDITORA a traz para voc\u00ea em formato bem mais fina que as b\u00edblias convencionais. Com capa dura, cor na lombada e borda arredondada, a B\u00edblia NVT ser\u00e1 sua melhor companhia em todas as horas.<\/p>\n","protected":false},"excerpt":{"rendered":"<p>Que tal uma vers\u00e3o b\u00edblica de f\u00e1cil entendimento, em uma linda edi\u00e7\u00e3o e com f\u00e1cil manuseio? Pois a nov\u00edssima B\u00edblia&hellip;<\/p>\n","protected":false},"featured_media":340740,"comment_status":"open","ping_status":"closed","template":"","meta":[],"product_cat":[139,225],"product_tag":[],"_links":{"self":[{"href":"https:\/\/www.livrariarema.com.br\/loja\/wp-json\/wp\/v2\/product\/59372"}],"collection":[{"href":"https:\/\/www.livrariarema.com.br\/loja\/wp-json\/wp\/v2\/product"}],"about":[{"href":"https:\/\/www.livrariarema.com.br\/loja\/wp-json\/wp\/v2\/types\/product"}],"replies":[{"embeddable":true,"href":"https:\/\/www.livrariarema.com.br\/loja\/wp-json\/wp\/v2\/comments?post=59372"}],"wp:featuredmedia":[{"embeddable":true,"href":"https:\/\/www.livrariarema.com.br\/loja\/wp-json\/wp\/v2\/media\/340740"}],"wp:attachment":[{"href":"https:\/\/www.livrariarema.com.br\/loja\/wp-json\/wp\/v2\/media?parent=59372"}],"wp:term":[{"taxonomy":"product_cat","embeddable":true,"href":"https:\/\/www.livrariarema.com.br\/loja\/wp-json\/wp\/v2\/product_cat?post=59372"},{"taxonomy":"product_tag","embeddable":true,"href":"https:\/\/www.livrariarema.com.br\/loja\/wp-json\/wp\/v2\/product_tag?post=59372"}],"curies":[{"name":"wp","href":"https:\/\/api.w.org\/{rel}","templated":true}]}}