{"id":59425,"date":"2021-01-22T13:26:15","date_gmt":"2021-01-22T16:26:15","guid":{"rendered":"https:\/\/www.livrariarema.com.br\/loja\/produtos\/sem%20categoria\/viva-o-extraordinario-pr-lipao\/"},"modified":"2026-03-31T13:50:36","modified_gmt":"2026-03-31T16:50:36","slug":"viva-o-extraordinario-pr-lipao","status":"publish","type":"product","link":"https:\/\/www.livrariarema.com.br\/loja\/produtos\/livros\/vida-crista\/viva-o-extraordinario-pr-lipao\/","title":{"rendered":"Viva O Extraordin\u00e1rio &#8211; Pr. Lip\u00e3o"},"content":{"rendered":"<p>Enquanto muitos t\u00eam buscado satisfa\u00e7\u00e3o nas mais diversas formas de prazer que este mundo oferece, a B\u00edblia nos mostra que existe algo, ou melhor, Algu\u00e9m muito mais precioso, singular, inigual\u00e1vel e extraordin\u00e1rio nos aguardando. E n\u00e3o \u00e9 um desconhecido qualquer, mas a figura mais importante de toda a Hist\u00f3ria: Jesus Cristo.<\/p>\n<p>Assim, durante esta leitura, voc\u00ea ter\u00e1 um encontro com verdades elementares sobre as quais provavelmente j\u00e1 ouviu falar, mas dificilmente foram expostas de uma maneira t\u00e3o clara. Ent\u00e3o, abra seu cora\u00e7\u00e3o para esta revela\u00e7\u00e3o do plano redentor protagonizado por Jesus: uma promessa originada no \u00c9den, consumada na Cruz e dispon\u00edvel a todo aquele que almeja a eternidade com o Pai.<\/p>\n","protected":false},"excerpt":{"rendered":"<p>Enquanto muitos t\u00eam buscado satisfa\u00e7\u00e3o nas mais diversas formas de prazer que este mundo oferece, a B\u00edblia nos mostra que&hellip;<\/p>\n","protected":false},"featured_media":269642,"comment_status":"open","ping_status":"closed","template":"","meta":[],"product_cat":[134,137],"product_tag":[],"_links":{"self":[{"href":"https:\/\/www.livrariarema.com.br\/loja\/wp-json\/wp\/v2\/product\/59425"}],"collection":[{"href":"https:\/\/www.livrariarema.com.br\/loja\/wp-json\/wp\/v2\/product"}],"about":[{"href":"https:\/\/www.livrariarema.com.br\/loja\/wp-json\/wp\/v2\/types\/product"}],"replies":[{"embeddable":true,"href":"https:\/\/www.livrariarema.com.br\/loja\/wp-json\/wp\/v2\/comments?post=59425"}],"wp:featuredmedia":[{"embeddable":true,"href":"https:\/\/www.livrariarema.com.br\/loja\/wp-json\/wp\/v2\/media\/269642"}],"wp:attachment":[{"href":"https:\/\/www.livrariarema.com.br\/loja\/wp-json\/wp\/v2\/media?parent=59425"}],"wp:term":[{"taxonomy":"product_cat","embeddable":true,"href":"https:\/\/www.livrariarema.com.br\/loja\/wp-json\/wp\/v2\/product_cat?post=59425"},{"taxonomy":"product_tag","embeddable":true,"href":"https:\/\/www.livrariarema.com.br\/loja\/wp-json\/wp\/v2\/product_tag?post=59425"}],"curies":[{"name":"wp","href":"https:\/\/api.w.org\/{rel}","templated":true}]}}