{"id":59498,"date":"2021-01-22T13:31:31","date_gmt":"2021-01-22T16:31:31","guid":{"rendered":"https:\/\/www.livrariarema.com.br\/loja\/produtos\/sem%20categoria\/porta-chaves-24-x-30cm-jesus-e-o-rei\/"},"modified":"2023-12-25T12:04:26","modified_gmt":"2023-12-25T15:04:26","slug":"porta-chaves-24-x-30cm-jesus-e-o-rei","status":"publish","type":"product","link":"https:\/\/www.livrariarema.com.br\/loja\/produtos\/diversos\/porta-chaves\/porta-chaves-24-x-30cm-jesus-e-o-rei\/","title":{"rendered":"Porta Chaves &#8211; 24 X 30Cm &#8211; Jesus \u00c9 O Rei"},"content":{"rendered":"<p>1 placa em formato retangular em MDF pintado a m\u00e3o  com o texto &#8220;Jesus \u00e9 o Rei&#8221; com 5 ganchos para chaves <\/p>\n<p>Produto Artesanal<\/p>\n","protected":false},"excerpt":{"rendered":"<p>1 placa em formato retangular em MDF pintado a m\u00e3o com o texto &#8220;Jesus \u00e9 o Rei&#8221; com 5 ganchos&hellip;<\/p>\n","protected":false},"featured_media":171433,"comment_status":"open","ping_status":"closed","template":"","meta":[],"product_cat":[132,269],"product_tag":[],"_links":{"self":[{"href":"https:\/\/www.livrariarema.com.br\/loja\/wp-json\/wp\/v2\/product\/59498"}],"collection":[{"href":"https:\/\/www.livrariarema.com.br\/loja\/wp-json\/wp\/v2\/product"}],"about":[{"href":"https:\/\/www.livrariarema.com.br\/loja\/wp-json\/wp\/v2\/types\/product"}],"replies":[{"embeddable":true,"href":"https:\/\/www.livrariarema.com.br\/loja\/wp-json\/wp\/v2\/comments?post=59498"}],"wp:featuredmedia":[{"embeddable":true,"href":"https:\/\/www.livrariarema.com.br\/loja\/wp-json\/wp\/v2\/media\/171433"}],"wp:attachment":[{"href":"https:\/\/www.livrariarema.com.br\/loja\/wp-json\/wp\/v2\/media?parent=59498"}],"wp:term":[{"taxonomy":"product_cat","embeddable":true,"href":"https:\/\/www.livrariarema.com.br\/loja\/wp-json\/wp\/v2\/product_cat?post=59498"},{"taxonomy":"product_tag","embeddable":true,"href":"https:\/\/www.livrariarema.com.br\/loja\/wp-json\/wp\/v2\/product_tag?post=59498"}],"curies":[{"name":"wp","href":"https:\/\/api.w.org\/{rel}","templated":true}]}}