{"id":59573,"date":"2021-01-22T13:38:22","date_gmt":"2021-01-22T16:38:22","guid":{"rendered":"https:\/\/www.livrariarema.com.br\/loja\/produtos\/sem%20categoria\/arc65hcm-biblia-com-harpa-com-musica-preta\/"},"modified":"2026-03-31T13:20:37","modified_gmt":"2026-03-31T16:20:37","slug":"arc65hcm-biblia-com-harpa-com-musica-preta","status":"publish","type":"product","link":"https:\/\/www.livrariarema.com.br\/loja\/produtos\/biblias\/revista-corrigida-com-harpa\/arc65hcm-biblia-com-harpa-com-musica-preta\/","title":{"rendered":"Arc65hcm &#8211; B\u00edblia Com Harpa Com M\u00fasica &#8211; Preta"},"content":{"rendered":"<p>A B\u00edblia Sagrada Harpa Crist\u00e3 com M\u00fasica traz os cl\u00e1ssicos hinos da Harpa Crist\u00e3 agora escrito com cifras e partituras. Lan\u00e7ada em 1922, a Harpa Crist\u00e3 \u00e9 o hin\u00e1rio oficial das Assembleias de Deus no Brasil.<\/p>\n","protected":false},"excerpt":{"rendered":"<p>A B\u00edblia Sagrada Harpa Crist\u00e3 com M\u00fasica traz os cl\u00e1ssicos hinos da Harpa Crist\u00e3 agora escrito com cifras e partituras.&hellip;<\/p>\n","protected":false},"featured_media":328457,"comment_status":"open","ping_status":"closed","template":"","meta":[],"product_cat":[139,151],"product_tag":[],"_links":{"self":[{"href":"https:\/\/www.livrariarema.com.br\/loja\/wp-json\/wp\/v2\/product\/59573"}],"collection":[{"href":"https:\/\/www.livrariarema.com.br\/loja\/wp-json\/wp\/v2\/product"}],"about":[{"href":"https:\/\/www.livrariarema.com.br\/loja\/wp-json\/wp\/v2\/types\/product"}],"replies":[{"embeddable":true,"href":"https:\/\/www.livrariarema.com.br\/loja\/wp-json\/wp\/v2\/comments?post=59573"}],"wp:featuredmedia":[{"embeddable":true,"href":"https:\/\/www.livrariarema.com.br\/loja\/wp-json\/wp\/v2\/media\/328457"}],"wp:attachment":[{"href":"https:\/\/www.livrariarema.com.br\/loja\/wp-json\/wp\/v2\/media?parent=59573"}],"wp:term":[{"taxonomy":"product_cat","embeddable":true,"href":"https:\/\/www.livrariarema.com.br\/loja\/wp-json\/wp\/v2\/product_cat?post=59573"},{"taxonomy":"product_tag","embeddable":true,"href":"https:\/\/www.livrariarema.com.br\/loja\/wp-json\/wp\/v2\/product_tag?post=59573"}],"curies":[{"name":"wp","href":"https:\/\/api.w.org\/{rel}","templated":true}]}}