{"id":59598,"date":"2021-01-22T13:39:02","date_gmt":"2021-01-22T16:39:02","guid":{"rendered":"https:\/\/www.livrariarema.com.br\/loja\/produtos\/sem%20categoria\/forte-lisa-bevere\/"},"modified":"2026-04-20T18:30:29","modified_gmt":"2026-04-20T21:30:29","slug":"forte-lisa-bevere","status":"publish","type":"product","link":"https:\/\/www.livrariarema.com.br\/loja\/produtos\/livros\/mulher\/forte-lisa-bevere\/","title":{"rendered":"Forte &#8211; Lisa Bevere"},"content":{"rendered":"<p>SER FORTE N\u00c3O \u00c9 ERRADO! Deus fez voc\u00ea para ser forte em todas as \u00e1reas da sua vida. Nos dias de hoje, \u00e9 necess\u00e1rio que sejamos n\u00e3o apenas que somos as mulheres fortes que Deus nos chamou para ser, mas que sejamos fortes na verdade da sua Palavra &#8211; fortes na busca pela justi\u00e7a. For\u00e7a \u00e9 um chamado e um comando, mas o lugar de onde extra\u00edmos nossa for\u00e7a \u00e9 t\u00e3o importante quanto a forma como a exibimos. Nossa cultura nos diria que a for\u00e7a vem de dentro, mas a verdade \u00e9 que a for\u00e7a vem de Deus. Em Forte, a autora best-seller do New York Times, Lisa Bevere, fornece uma nova perspectiva sobre o que significa ser forte em um mundo que muitas vezes tem tudo de errado. Nestes 90 devocionais, Lisa aborda t\u00f3picos como: como ser poderoso, gentileza, cura emocional, contentamento, remorso arrependimento, descansar no Senhor e muito mais. Ela vai inspirar voc\u00ea a se fortalecer, crescer, aprofundar-se em sua f\u00e9 e experimentar a alegria de viver em harmonia com Deus, os outros e consigo mesmo.<\/p>\n","protected":false},"excerpt":{"rendered":"<p>SER FORTE N\u00c3O \u00c9 ERRADO! Deus fez voc\u00ea para ser forte em todas as \u00e1reas da sua vida. Nos dias&hellip;<\/p>\n","protected":false},"featured_media":343403,"comment_status":"open","ping_status":"closed","template":"","meta":[],"product_cat":[134,170],"product_tag":[],"_links":{"self":[{"href":"https:\/\/www.livrariarema.com.br\/loja\/wp-json\/wp\/v2\/product\/59598"}],"collection":[{"href":"https:\/\/www.livrariarema.com.br\/loja\/wp-json\/wp\/v2\/product"}],"about":[{"href":"https:\/\/www.livrariarema.com.br\/loja\/wp-json\/wp\/v2\/types\/product"}],"replies":[{"embeddable":true,"href":"https:\/\/www.livrariarema.com.br\/loja\/wp-json\/wp\/v2\/comments?post=59598"}],"wp:featuredmedia":[{"embeddable":true,"href":"https:\/\/www.livrariarema.com.br\/loja\/wp-json\/wp\/v2\/media\/343403"}],"wp:attachment":[{"href":"https:\/\/www.livrariarema.com.br\/loja\/wp-json\/wp\/v2\/media?parent=59598"}],"wp:term":[{"taxonomy":"product_cat","embeddable":true,"href":"https:\/\/www.livrariarema.com.br\/loja\/wp-json\/wp\/v2\/product_cat?post=59598"},{"taxonomy":"product_tag","embeddable":true,"href":"https:\/\/www.livrariarema.com.br\/loja\/wp-json\/wp\/v2\/product_tag?post=59598"}],"curies":[{"name":"wp","href":"https:\/\/api.w.org\/{rel}","templated":true}]}}