{"id":59604,"date":"2021-01-22T13:39:15","date_gmt":"2021-01-22T16:39:15","guid":{"rendered":"https:\/\/www.livrariarema.com.br\/loja\/produtos\/sem%20categoria\/ritual-o-mauricio-zagari\/"},"modified":"2026-02-28T11:32:12","modified_gmt":"2026-02-28T14:32:12","slug":"ritual-o-mauricio-zagari","status":"publish","type":"product","link":"https:\/\/www.livrariarema.com.br\/loja\/produtos\/livros\/juvenil\/ritual-o-mauricio-zagari\/","title":{"rendered":"Ritual, O &#8211; Maur\u00edcio Z\u00e1gari"},"content":{"rendered":"<p>O que fazer quando a sua vida e a das pessoas que voc\u00ea mais ama correm s\u00e9rio risco? Como preservar a f\u00e9 quando o mundo inteiro parece conspirar contra voc\u00ea?<\/p>\n<p>No quarto volume da s\u00e9rie Aventuras de Daniel, o jovem protagonista que conquistou leitores de todas as idades se v\u00ea diante da maior amea\u00e7a que j\u00e1 enfrentou: uma organiza\u00e7\u00e3o secreta que n\u00e3o medir\u00e1 esfor\u00e7os para afast\u00e1-lo de Deus. <\/p>\n<p>A cada p\u00e1gina, o leitor \u00e9 convidado a mergulhar numa investiga\u00e7\u00e3o empolgante, com discuss\u00f5es acerca de assuntos importantes da vida crist\u00e3.<\/p>\n","protected":false},"excerpt":{"rendered":"<p>O que fazer quando a sua vida e a das pessoas que voc\u00ea mais ama correm s\u00e9rio risco? Como preservar&hellip;<\/p>\n","protected":false},"featured_media":328016,"comment_status":"open","ping_status":"closed","template":"","meta":[],"product_cat":[184,134],"product_tag":[],"_links":{"self":[{"href":"https:\/\/www.livrariarema.com.br\/loja\/wp-json\/wp\/v2\/product\/59604"}],"collection":[{"href":"https:\/\/www.livrariarema.com.br\/loja\/wp-json\/wp\/v2\/product"}],"about":[{"href":"https:\/\/www.livrariarema.com.br\/loja\/wp-json\/wp\/v2\/types\/product"}],"replies":[{"embeddable":true,"href":"https:\/\/www.livrariarema.com.br\/loja\/wp-json\/wp\/v2\/comments?post=59604"}],"wp:featuredmedia":[{"embeddable":true,"href":"https:\/\/www.livrariarema.com.br\/loja\/wp-json\/wp\/v2\/media\/328016"}],"wp:attachment":[{"href":"https:\/\/www.livrariarema.com.br\/loja\/wp-json\/wp\/v2\/media?parent=59604"}],"wp:term":[{"taxonomy":"product_cat","embeddable":true,"href":"https:\/\/www.livrariarema.com.br\/loja\/wp-json\/wp\/v2\/product_cat?post=59604"},{"taxonomy":"product_tag","embeddable":true,"href":"https:\/\/www.livrariarema.com.br\/loja\/wp-json\/wp\/v2\/product_tag?post=59604"}],"curies":[{"name":"wp","href":"https:\/\/api.w.org\/{rel}","templated":true}]}}