{"id":59620,"date":"2021-01-22T13:39:47","date_gmt":"2021-01-22T16:39:47","guid":{"rendered":"https:\/\/www.livrariarema.com.br\/loja\/produtos\/sem%20categoria\/maravilhas-da-biblia-arca-de-noe\/"},"modified":"2025-12-22T19:32:11","modified_gmt":"2025-12-22T22:32:11","slug":"maravilhas-da-biblia-arca-de-noe","status":"publish","type":"product","link":"https:\/\/www.livrariarema.com.br\/loja\/produtos\/livros\/infantil\/maravilhas-da-biblia-arca-de-noe\/","title":{"rendered":"Maravilhas Da B\u00edblia: Arca De No\u00e9"},"content":{"rendered":"<p>Junte-se a No\u00e9 e a fam\u00edlia dele nesta fant\u00e1stica aventura sobre a constru\u00e7\u00e3o da arca e veja como os animais foram salvos do terr\u00edvel dil\u00favio.<\/p>\n","protected":false},"excerpt":{"rendered":"<p>Junte-se a No\u00e9 e a fam\u00edlia dele nesta fant\u00e1stica aventura sobre a constru\u00e7\u00e3o da arca e veja como os animais&hellip;<\/p>\n","protected":false},"featured_media":301552,"comment_status":"open","ping_status":"closed","template":"","meta":[],"product_cat":[144,134],"product_tag":[],"_links":{"self":[{"href":"https:\/\/www.livrariarema.com.br\/loja\/wp-json\/wp\/v2\/product\/59620"}],"collection":[{"href":"https:\/\/www.livrariarema.com.br\/loja\/wp-json\/wp\/v2\/product"}],"about":[{"href":"https:\/\/www.livrariarema.com.br\/loja\/wp-json\/wp\/v2\/types\/product"}],"replies":[{"embeddable":true,"href":"https:\/\/www.livrariarema.com.br\/loja\/wp-json\/wp\/v2\/comments?post=59620"}],"wp:featuredmedia":[{"embeddable":true,"href":"https:\/\/www.livrariarema.com.br\/loja\/wp-json\/wp\/v2\/media\/301552"}],"wp:attachment":[{"href":"https:\/\/www.livrariarema.com.br\/loja\/wp-json\/wp\/v2\/media?parent=59620"}],"wp:term":[{"taxonomy":"product_cat","embeddable":true,"href":"https:\/\/www.livrariarema.com.br\/loja\/wp-json\/wp\/v2\/product_cat?post=59620"},{"taxonomy":"product_tag","embeddable":true,"href":"https:\/\/www.livrariarema.com.br\/loja\/wp-json\/wp\/v2\/product_tag?post=59620"}],"curies":[{"name":"wp","href":"https:\/\/api.w.org\/{rel}","templated":true}]}}