{"id":59638,"date":"2021-01-22T13:40:19","date_gmt":"2021-01-22T16:40:19","guid":{"rendered":"https:\/\/www.livrariarema.com.br\/loja\/produtos\/sem%20categoria\/leve-me-com-voce-a-arca-de-noe\/"},"modified":"2025-07-08T07:38:40","modified_gmt":"2025-07-08T10:38:40","slug":"leve-me-com-voce-a-arca-de-noe","status":"publish","type":"product","link":"https:\/\/www.livrariarema.com.br\/loja\/produtos\/livros\/infantil\/leve-me-com-voce-a-arca-de-noe\/","title":{"rendered":"Leve-Me Com Voc\u00ea &#8211; A Arca De No\u00e9"},"content":{"rendered":"<p>Lindas hist\u00f3rias para acompanh\u00e1-lo a todo momento.<\/p>\n","protected":false},"excerpt":{"rendered":"<p>Lindas hist\u00f3rias para acompanh\u00e1-lo a todo momento.<\/p>\n","protected":false},"featured_media":318664,"comment_status":"open","ping_status":"closed","template":"","meta":[],"product_cat":[144,134],"product_tag":[],"_links":{"self":[{"href":"https:\/\/www.livrariarema.com.br\/loja\/wp-json\/wp\/v2\/product\/59638"}],"collection":[{"href":"https:\/\/www.livrariarema.com.br\/loja\/wp-json\/wp\/v2\/product"}],"about":[{"href":"https:\/\/www.livrariarema.com.br\/loja\/wp-json\/wp\/v2\/types\/product"}],"replies":[{"embeddable":true,"href":"https:\/\/www.livrariarema.com.br\/loja\/wp-json\/wp\/v2\/comments?post=59638"}],"wp:featuredmedia":[{"embeddable":true,"href":"https:\/\/www.livrariarema.com.br\/loja\/wp-json\/wp\/v2\/media\/318664"}],"wp:attachment":[{"href":"https:\/\/www.livrariarema.com.br\/loja\/wp-json\/wp\/v2\/media?parent=59638"}],"wp:term":[{"taxonomy":"product_cat","embeddable":true,"href":"https:\/\/www.livrariarema.com.br\/loja\/wp-json\/wp\/v2\/product_cat?post=59638"},{"taxonomy":"product_tag","embeddable":true,"href":"https:\/\/www.livrariarema.com.br\/loja\/wp-json\/wp\/v2\/product_tag?post=59638"}],"curies":[{"name":"wp","href":"https:\/\/api.w.org\/{rel}","templated":true}]}}