{"id":59736,"date":"2021-01-22T13:42:55","date_gmt":"2021-01-22T16:42:55","guid":{"rendered":"https:\/\/www.livrariarema.com.br\/loja\/produtos\/sem%20categoria\/serie-teologia-em-comunidade-ceu-christopher-w-morgan-robert-a-peterson\/"},"modified":"2025-03-13T10:49:42","modified_gmt":"2025-03-13T13:49:42","slug":"serie-teologia-em-comunidade-ceu-christopher-w-morgan-robert-a-peterson","status":"publish","type":"product","link":"https:\/\/www.livrariarema.com.br\/loja\/produtos\/promocao\/livros-promocao\/serie-teologia-em-comunidade-ceu-christopher-w-morgan-robert-a-peterson\/","title":{"rendered":"S\u00e9rie Teologia Em Comunidade: C\u00e9u &#8211; Christopher W. Morgan , Robert A. Peterson"},"content":{"rendered":"<p>Como o nome da s\u00e9rie, Teologia em Comunidade, indica, a teologia em comunidade almeja promover o pensamento claro sobre as quest\u00f5es teol\u00f3gicas contempor\u00e2neas e hist\u00f3ricas e as respostas devotas a elas. A s\u00e9rie examina as quest\u00f5es centrais para a f\u00e9 crist\u00e3.<\/p>\n<p>Os colaboradores desses volumes continuam com a igreja hist\u00f3rica, importam-se com a igreja global, compartilham a vida com outros crist\u00e3os nas igrejas locais e almejam escrever para o bem da igreja para fortalecer seus l\u00edderes, em particular os pastores, os mestres, os mission\u00e1rios, os l\u00edderes leigos, os estudantes e os professores.<\/p>\n","protected":false},"excerpt":{"rendered":"<p>Como o nome da s\u00e9rie, Teologia em Comunidade, indica, a teologia em comunidade almeja promover o pensamento claro sobre as&hellip;<\/p>\n","protected":false},"featured_media":328322,"comment_status":"open","ping_status":"closed","template":"","meta":[],"product_cat":[143,142],"product_tag":[],"_links":{"self":[{"href":"https:\/\/www.livrariarema.com.br\/loja\/wp-json\/wp\/v2\/product\/59736"}],"collection":[{"href":"https:\/\/www.livrariarema.com.br\/loja\/wp-json\/wp\/v2\/product"}],"about":[{"href":"https:\/\/www.livrariarema.com.br\/loja\/wp-json\/wp\/v2\/types\/product"}],"replies":[{"embeddable":true,"href":"https:\/\/www.livrariarema.com.br\/loja\/wp-json\/wp\/v2\/comments?post=59736"}],"wp:featuredmedia":[{"embeddable":true,"href":"https:\/\/www.livrariarema.com.br\/loja\/wp-json\/wp\/v2\/media\/328322"}],"wp:attachment":[{"href":"https:\/\/www.livrariarema.com.br\/loja\/wp-json\/wp\/v2\/media?parent=59736"}],"wp:term":[{"taxonomy":"product_cat","embeddable":true,"href":"https:\/\/www.livrariarema.com.br\/loja\/wp-json\/wp\/v2\/product_cat?post=59736"},{"taxonomy":"product_tag","embeddable":true,"href":"https:\/\/www.livrariarema.com.br\/loja\/wp-json\/wp\/v2\/product_tag?post=59736"}],"curies":[{"name":"wp","href":"https:\/\/api.w.org\/{rel}","templated":true}]}}