{"id":59746,"date":"2021-01-22T13:44:23","date_gmt":"2021-01-22T16:44:23","guid":{"rendered":"https:\/\/www.livrariarema.com.br\/loja\/produtos\/sem categoria\/jogo-da-memoria-personagens-da-biblia-antigo-testamento-dom-perfeito\/"},"modified":"2024-09-29T06:06:12","modified_gmt":"2024-09-29T09:06:12","slug":"jogo-da-memoria-personagens-da-biblia-antigo-testamento-dom-perfeito","status":"publish","type":"product","link":"https:\/\/www.livrariarema.com.br\/loja\/produtos\/diversos\/jogos\/jogo-da-memoria-personagens-da-biblia-antigo-testamento-dom-perfeito\/","title":{"rendered":"JOGO DA MEM\u00d3RIA &#8211; PERSONAGENS DA B\u00cdBLIA &#8211; ANTIGO TESTAMENTO &#8211; DOM PERFEITO"},"content":{"rendered":"<p>1 caixa em MDF com tampa, com 24 pe\u00e7as em MDF ilustradas com personagens B\u00edblicos do Antigo Testamento<\/p>\n<p>Produto Artesanal<\/p>\n","protected":false},"excerpt":{"rendered":"<p>1 caixa em MDF com tampa, com 24 pe\u00e7as em MDF ilustradas com personagens B\u00edblicos do Antigo Testamento Produto Artesanal<\/p>\n","protected":false},"featured_media":82252,"comment_status":"open","ping_status":"closed","template":"","meta":[],"product_cat":[132,222],"product_tag":[],"_links":{"self":[{"href":"https:\/\/www.livrariarema.com.br\/loja\/wp-json\/wp\/v2\/product\/59746"}],"collection":[{"href":"https:\/\/www.livrariarema.com.br\/loja\/wp-json\/wp\/v2\/product"}],"about":[{"href":"https:\/\/www.livrariarema.com.br\/loja\/wp-json\/wp\/v2\/types\/product"}],"replies":[{"embeddable":true,"href":"https:\/\/www.livrariarema.com.br\/loja\/wp-json\/wp\/v2\/comments?post=59746"}],"wp:featuredmedia":[{"embeddable":true,"href":"https:\/\/www.livrariarema.com.br\/loja\/wp-json\/wp\/v2\/media\/82252"}],"wp:attachment":[{"href":"https:\/\/www.livrariarema.com.br\/loja\/wp-json\/wp\/v2\/media?parent=59746"}],"wp:term":[{"taxonomy":"product_cat","embeddable":true,"href":"https:\/\/www.livrariarema.com.br\/loja\/wp-json\/wp\/v2\/product_cat?post=59746"},{"taxonomy":"product_tag","embeddable":true,"href":"https:\/\/www.livrariarema.com.br\/loja\/wp-json\/wp\/v2\/product_tag?post=59746"}],"curies":[{"name":"wp","href":"https:\/\/api.w.org\/{rel}","templated":true}]}}