{"id":59849,"date":"2021-01-22T13:47:10","date_gmt":"2021-01-22T16:47:10","guid":{"rendered":"https:\/\/www.livrariarema.com.br\/loja\/produtos\/sem%20categoria\/arc065tilgilv-biblia-letra-gigante-c-indice-azul\/"},"modified":"2026-04-07T14:00:53","modified_gmt":"2026-04-07T17:00:53","slug":"arc065tilgilv-biblia-letra-gigante-c-indice-azul","status":"publish","type":"product","link":"https:\/\/www.livrariarema.com.br\/loja\/produtos\/biblias\/revista-corrigida-biblias\/arc065tilgilv-biblia-letra-gigante-c-indice-azul\/","title":{"rendered":"Arc065tilgilv &#8211; B\u00edblia Letra Gigante &#8211; Com \u00cdndice &#8211; Azul"},"content":{"rendered":"<p>Letra gigante e tamanho compacto. Assim foi desenvolvida essa edi\u00e7\u00e3o da B\u00edblia Sagrada, que traz a tradu\u00e7\u00e3o de Almeida Revista e Corrigida (ARC) e in\u00fameros recursos. Seu design e concep\u00e7\u00e3o gr\u00e1fica proporcionam mais praticidade no manuseio da publica\u00e7\u00e3o e mais conforto na leitura.<\/p>\n","protected":false},"excerpt":{"rendered":"<p>Letra gigante e tamanho compacto. Assim foi desenvolvida essa edi\u00e7\u00e3o da B\u00edblia Sagrada, que traz a tradu\u00e7\u00e3o de Almeida Revista&hellip;<\/p>\n","protected":false},"featured_media":343906,"comment_status":"open","ping_status":"closed","template":"","meta":[],"product_cat":[139,149],"product_tag":[],"_links":{"self":[{"href":"https:\/\/www.livrariarema.com.br\/loja\/wp-json\/wp\/v2\/product\/59849"}],"collection":[{"href":"https:\/\/www.livrariarema.com.br\/loja\/wp-json\/wp\/v2\/product"}],"about":[{"href":"https:\/\/www.livrariarema.com.br\/loja\/wp-json\/wp\/v2\/types\/product"}],"replies":[{"embeddable":true,"href":"https:\/\/www.livrariarema.com.br\/loja\/wp-json\/wp\/v2\/comments?post=59849"}],"wp:featuredmedia":[{"embeddable":true,"href":"https:\/\/www.livrariarema.com.br\/loja\/wp-json\/wp\/v2\/media\/343906"}],"wp:attachment":[{"href":"https:\/\/www.livrariarema.com.br\/loja\/wp-json\/wp\/v2\/media?parent=59849"}],"wp:term":[{"taxonomy":"product_cat","embeddable":true,"href":"https:\/\/www.livrariarema.com.br\/loja\/wp-json\/wp\/v2\/product_cat?post=59849"},{"taxonomy":"product_tag","embeddable":true,"href":"https:\/\/www.livrariarema.com.br\/loja\/wp-json\/wp\/v2\/product_tag?post=59849"}],"curies":[{"name":"wp","href":"https:\/\/api.w.org\/{rel}","templated":true}]}}