{"id":59920,"date":"2021-01-22T13:48:46","date_gmt":"2021-01-22T16:48:46","guid":{"rendered":"https:\/\/www.livrariarema.com.br\/loja\/produtos\/sem%20categoria\/dia-a-dia-com-os-pais-da-igreja-capa-de-couro\/"},"modified":"2024-09-21T11:50:04","modified_gmt":"2024-09-21T14:50:04","slug":"dia-a-dia-com-os-pais-da-igreja-capa-de-couro","status":"publish","type":"product","link":"https:\/\/www.livrariarema.com.br\/loja\/produtos\/livros\/devocional\/dia-a-dia-com-os-pais-da-igreja-capa-de-couro\/","title":{"rendered":"Dia A Dia Com Os Pais Da Igreja &#8211; Capa De Couro"},"content":{"rendered":"<p>&#8220;Sereis minhas testemunhas.&#8221; (ATOS 1:8). Com essas palavras, Jesus declarou que o caminho da salva\u00e7\u00e3o seria conhecido por pessoas do mundo todo.<\/p>\n<p>O Novo Testamento registra os prim\u00f3rdios do cristianismo, desde o discurso de Pedro no Pentecostes at\u00e9 a vis\u00e3o de Jo\u00e3o em Patmos. Ap\u00f3s os ap\u00f3stolos partirem para estarem no C\u00e9u com o Senhor, um grupo de indiv\u00edduos proclamou e protegeu a f\u00e9 crist\u00e3 contra os constantes ventos de heresia. Eles s\u00e3o comumente conhecidos como os Pais da Igreja.<\/p>\n<p>Cada um deles enfrentou um desafio singular em seu respectivo minist\u00e9rio. A alguns foram atribu\u00eddas posi\u00e7\u00f5es de autoridade eclesi\u00e1stica contra a sua vontade. Outros foram atacados por l\u00edderes de seitas hereges. Todos enfrentaram o constante perigo de persegui\u00e7\u00f5es e morte por confessarem sua f\u00e9 em Jesus. Por\u00e9m, por sua orienta\u00e7\u00e3o, a Igreja estendeu suas ra\u00edzes para a Europa, a \u00c1sia Menor e o Norte da \u00c1frica.<\/p>\n<p>Nesta sele\u00e7\u00e3o do devocionais Pais da Igreja &#8220;foram cuidadosamente selecionadas da s\u00e9rie de 38 volumes The Early Church Fathers [Os Pais da Igreja Primitiva], inicialmente publicada em 1885 na cole\u00e7\u00e3o Patr\u00edstica&#8221;. Cada volume da s\u00e9rie foi cuidadosamente estudado, na tentativa de reunir sele\u00e7\u00f5es variadas e poderosas. Ap\u00f3s terminado o processo de sele\u00e7\u00e3o, cada devocional foi editado para atualiza\u00e7\u00e3o a linguagem, por\u00e9m apresentando o significado original pretendido pelo pai da Igreja.<\/p>\n<p>Oramos para que, enquanto voc\u00ea l\u00ea o que esses grandes homens disseram, Deus ministre ao seu cora\u00e7\u00e3o e o desafie a tornar-se mais semelhante ao Seu Filho, Jesus.<\/p>\n<p>&#8211; Uma medita\u00e7\u00e3o para cada dia do ano<br \/>\n&#8211; Breves biografias que informam sobre a vida de cada um dos Pais da Igreja<br \/>\n&#8211; \u00cdndice de assuntos para facilitar o acesso \u00e0s sele\u00e7\u00f5es de temas espec\u00edficos<\/p>\n","protected":false},"excerpt":{"rendered":"<p>&#8220;Sereis minhas testemunhas.&#8221; (ATOS 1:8). Com essas palavras, Jesus declarou que o caminho da salva\u00e7\u00e3o seria conhecido por pessoas do&hellip;<\/p>\n","protected":false},"featured_media":316653,"comment_status":"open","ping_status":"closed","template":"","meta":[],"product_cat":[158,134],"product_tag":[],"_links":{"self":[{"href":"https:\/\/www.livrariarema.com.br\/loja\/wp-json\/wp\/v2\/product\/59920"}],"collection":[{"href":"https:\/\/www.livrariarema.com.br\/loja\/wp-json\/wp\/v2\/product"}],"about":[{"href":"https:\/\/www.livrariarema.com.br\/loja\/wp-json\/wp\/v2\/types\/product"}],"replies":[{"embeddable":true,"href":"https:\/\/www.livrariarema.com.br\/loja\/wp-json\/wp\/v2\/comments?post=59920"}],"wp:featuredmedia":[{"embeddable":true,"href":"https:\/\/www.livrariarema.com.br\/loja\/wp-json\/wp\/v2\/media\/316653"}],"wp:attachment":[{"href":"https:\/\/www.livrariarema.com.br\/loja\/wp-json\/wp\/v2\/media?parent=59920"}],"wp:term":[{"taxonomy":"product_cat","embeddable":true,"href":"https:\/\/www.livrariarema.com.br\/loja\/wp-json\/wp\/v2\/product_cat?post=59920"},{"taxonomy":"product_tag","embeddable":true,"href":"https:\/\/www.livrariarema.com.br\/loja\/wp-json\/wp\/v2\/product_tag?post=59920"}],"curies":[{"name":"wp","href":"https:\/\/api.w.org\/{rel}","templated":true}]}}