{"id":59990,"date":"2021-01-22T13:50:25","date_gmt":"2021-01-22T16:50:25","guid":{"rendered":"https:\/\/www.livrariarema.com.br\/loja\/produtos\/sem%20categoria\/impunivel-danny-silk\/"},"modified":"2025-11-06T12:59:44","modified_gmt":"2025-11-06T15:59:44","slug":"impunivel-danny-silk","status":"publish","type":"product","link":"https:\/\/www.livrariarema.com.br\/loja\/produtos\/promocao\/livros-promocao\/impunivel-danny-silk\/","title":{"rendered":"Impun\u00edvel &#8211; Danny Silk"},"content":{"rendered":"<p>As desordens s\u00e3o assustadoras, dolorosas e ofensivas. Ao lidarmos com a dor de falhas pessoais, da frustra\u00e7\u00e3o de filhos desrespeitosos, da devasta\u00e7\u00e3o de grandes trai\u00e7\u00f5es do estresse, de conflitos profissionais ou das consequ\u00eancias de injusti\u00e7as sociais, normalmente reagimos da mesma forma &#8211; com medo, vergonha e puni\u00e7\u00e3o.<\/p>\n<p>JESUS VEIO PARA NOS MOSTRAR UMA FORMA MELHOR DE LIDARMOS COM AS DESORDENS HUMANAS &#8211; COM ARREPENDIMENTO, RECONCILIA\u00c7\u00c3O E RESTAURA\u00c7\u00c3O.<\/p>\n<p>Neste livro seremos guiados a uma jornada que criar\u00e1 uma cultura livre da puni\u00e7\u00e3o e repleta de amor em nossa vida pessoal: fam\u00edlia, igreja e ambiente de trabalho.<\/p>\n","protected":false},"excerpt":{"rendered":"<p>As desordens s\u00e3o assustadoras, dolorosas e ofensivas. Ao lidarmos com a dor de falhas pessoais, da frustra\u00e7\u00e3o de filhos desrespeitosos,&hellip;<\/p>\n","protected":false},"featured_media":340625,"comment_status":"open","ping_status":"closed","template":"","meta":[],"product_cat":[143,142],"product_tag":[],"_links":{"self":[{"href":"https:\/\/www.livrariarema.com.br\/loja\/wp-json\/wp\/v2\/product\/59990"}],"collection":[{"href":"https:\/\/www.livrariarema.com.br\/loja\/wp-json\/wp\/v2\/product"}],"about":[{"href":"https:\/\/www.livrariarema.com.br\/loja\/wp-json\/wp\/v2\/types\/product"}],"replies":[{"embeddable":true,"href":"https:\/\/www.livrariarema.com.br\/loja\/wp-json\/wp\/v2\/comments?post=59990"}],"wp:featuredmedia":[{"embeddable":true,"href":"https:\/\/www.livrariarema.com.br\/loja\/wp-json\/wp\/v2\/media\/340625"}],"wp:attachment":[{"href":"https:\/\/www.livrariarema.com.br\/loja\/wp-json\/wp\/v2\/media?parent=59990"}],"wp:term":[{"taxonomy":"product_cat","embeddable":true,"href":"https:\/\/www.livrariarema.com.br\/loja\/wp-json\/wp\/v2\/product_cat?post=59990"},{"taxonomy":"product_tag","embeddable":true,"href":"https:\/\/www.livrariarema.com.br\/loja\/wp-json\/wp\/v2\/product_tag?post=59990"}],"curies":[{"name":"wp","href":"https:\/\/api.w.org\/{rel}","templated":true}]}}