{"id":60010,"date":"2021-01-22T13:51:04","date_gmt":"2021-01-22T16:51:04","guid":{"rendered":"https:\/\/www.livrariarema.com.br\/loja\/produtos\/sem%20categoria\/com-toda-pureza-tim-chester\/"},"modified":"2026-03-16T13:40:13","modified_gmt":"2026-03-16T16:40:13","slug":"com-toda-pureza-tim-chester","status":"publish","type":"product","link":"https:\/\/www.livrariarema.com.br\/loja\/produtos\/promocao\/livros-promocao\/com-toda-pureza-tim-chester\/","title":{"rendered":"Com Toda Pureza &#8211; Tim Chester"},"content":{"rendered":"<p>Houve um tempo em que o v\u00edcio sexual estava fortemente correlacionado a abuso ou trauma na inf\u00e2ncia. Mas nossa cultura saturada de sexo e pornografia mostra que n\u00e3o \u00e9 mais isso que ocorre. Muitas pessoas, embora provenientes de boas fam\u00edlias, est\u00e3o imersas em pornografia. Milhares de adolescentes, jovens e adultos, homens e mulheres, est\u00e3o seduzidos pelas falsas promessas da masturba\u00e7\u00e3o. Buscando prazer, acabam se vendo em um buraco ainda mais fundo, cobertos de frustra\u00e7\u00e3o, culpa e repulsa, em um ciclo vicioso de derrota.<\/p>\n<p>Pense em sua pr\u00f3pria igreja ou em seu grupo familiar. \u00c9 poss\u00edvel que uma em cada tr\u00eas pessoas esteja sofrendo com pornografia. Ali\u00e1s, se voc\u00ea considera isso improv\u00e1vel, a chance \u00e9 de que a maioria dessas pessoas esteja lutando sozinha, sentindo-se incapaz de falar a esse respeito.<\/p>\n<p>A pornografia est\u00e1 educando sexualmente uma gera\u00e7\u00e3o de jovens, estabelecendo suas expectativas para sexo e casamento. Isso representa um desafio enorme para nossa sociedade. Mas tamb\u00e9m \u00e9 uma oportunidade para a igreja. Por anos a fio, nossa cultura considerou a vis\u00e3o sexual b\u00edblica puritana e antiquada. Mas talvez chegue o momento em que uma forte mensagem positiva sobre a alegria do sexo como uma express\u00e3o de fidelidade pactual pode ser o que as pessoas anseiam ouvir.<\/p>\n","protected":false},"excerpt":{"rendered":"<p>Houve um tempo em que o v\u00edcio sexual estava fortemente correlacionado a abuso ou trauma na inf\u00e2ncia. Mas nossa cultura&hellip;<\/p>\n","protected":false},"featured_media":346349,"comment_status":"open","ping_status":"closed","template":"","meta":[],"product_cat":[143,142],"product_tag":[],"_links":{"self":[{"href":"https:\/\/www.livrariarema.com.br\/loja\/wp-json\/wp\/v2\/product\/60010"}],"collection":[{"href":"https:\/\/www.livrariarema.com.br\/loja\/wp-json\/wp\/v2\/product"}],"about":[{"href":"https:\/\/www.livrariarema.com.br\/loja\/wp-json\/wp\/v2\/types\/product"}],"replies":[{"embeddable":true,"href":"https:\/\/www.livrariarema.com.br\/loja\/wp-json\/wp\/v2\/comments?post=60010"}],"wp:featuredmedia":[{"embeddable":true,"href":"https:\/\/www.livrariarema.com.br\/loja\/wp-json\/wp\/v2\/media\/346349"}],"wp:attachment":[{"href":"https:\/\/www.livrariarema.com.br\/loja\/wp-json\/wp\/v2\/media?parent=60010"}],"wp:term":[{"taxonomy":"product_cat","embeddable":true,"href":"https:\/\/www.livrariarema.com.br\/loja\/wp-json\/wp\/v2\/product_cat?post=60010"},{"taxonomy":"product_tag","embeddable":true,"href":"https:\/\/www.livrariarema.com.br\/loja\/wp-json\/wp\/v2\/product_tag?post=60010"}],"curies":[{"name":"wp","href":"https:\/\/api.w.org\/{rel}","templated":true}]}}