{"id":60122,"date":"2021-01-22T14:00:30","date_gmt":"2021-01-22T17:00:30","guid":{"rendered":"https:\/\/www.livrariarema.com.br\/loja\/produtos\/sem%20categoria\/caneta-cis-fusion-grip-0-7mm-rosa\/"},"modified":"2026-01-05T12:50:41","modified_gmt":"2026-01-05T15:50:41","slug":"caneta-cis-fusion-grip-0-7mm-rosa","status":"publish","type":"product","link":"https:\/\/www.livrariarema.com.br\/loja\/produtos\/papelaria\/canetas\/caneta-cis-fusion-grip-0-7mm-rosa\/","title":{"rendered":"Caneta &#8211; Cis &#8211; Fusion Grip &#8211; 0.7Mm &#8211; Rosa"},"content":{"rendered":"<p>Grip emborrachado ergon\u00f4mico<br \/>\nPonta tipo agulha<br \/>\nEsfera de a\u00e7o inoxid\u00e1vel &#8211; 0.7 mm<\/p>\n<p>Registro Inmetro: 003 913\/2016<\/p>\n","protected":false},"excerpt":{"rendered":"<p>Grip emborrachado ergon\u00f4mico Ponta tipo agulha Esfera de a\u00e7o inoxid\u00e1vel &#8211; 0.7 mm Registro Inmetro: 003 913\/2016<\/p>\n","protected":false},"featured_media":335013,"comment_status":"open","ping_status":"closed","template":"","meta":[],"product_cat":[216,215],"product_tag":[],"_links":{"self":[{"href":"https:\/\/www.livrariarema.com.br\/loja\/wp-json\/wp\/v2\/product\/60122"}],"collection":[{"href":"https:\/\/www.livrariarema.com.br\/loja\/wp-json\/wp\/v2\/product"}],"about":[{"href":"https:\/\/www.livrariarema.com.br\/loja\/wp-json\/wp\/v2\/types\/product"}],"replies":[{"embeddable":true,"href":"https:\/\/www.livrariarema.com.br\/loja\/wp-json\/wp\/v2\/comments?post=60122"}],"wp:featuredmedia":[{"embeddable":true,"href":"https:\/\/www.livrariarema.com.br\/loja\/wp-json\/wp\/v2\/media\/335013"}],"wp:attachment":[{"href":"https:\/\/www.livrariarema.com.br\/loja\/wp-json\/wp\/v2\/media?parent=60122"}],"wp:term":[{"taxonomy":"product_cat","embeddable":true,"href":"https:\/\/www.livrariarema.com.br\/loja\/wp-json\/wp\/v2\/product_cat?post=60122"},{"taxonomy":"product_tag","embeddable":true,"href":"https:\/\/www.livrariarema.com.br\/loja\/wp-json\/wp\/v2\/product_tag?post=60122"}],"curies":[{"name":"wp","href":"https:\/\/api.w.org\/{rel}","templated":true}]}}