{"id":60334,"date":"2021-01-22T14:16:25","date_gmt":"2021-01-22T17:16:25","guid":{"rendered":"https:\/\/www.livrariarema.com.br\/loja\/produtos\/sem%20categoria\/caneca-de-porcelana-urban-360ml-depois-do-cafe-eu-me-expresso\/"},"modified":"2026-04-28T09:11:23","modified_gmt":"2026-04-28T12:11:23","slug":"caneca-de-porcelana-urban-360ml-depois-do-cafe-eu-me-expresso","status":"publish","type":"product","link":"https:\/\/www.livrariarema.com.br\/loja\/produtos\/diversos\/caneca\/caneca-de-porcelana-urban-360ml-depois-do-cafe-eu-me-expresso\/","title":{"rendered":"Caneca De Porcelana &#8211; Urban 300Ml &#8211; Depois Do Caf\u00e9 Eu Me Expresso"},"content":{"rendered":"<p>Depois do caf\u00e9, eu me expresso! Essa caneca \u00e9 perfeita pra quem j\u00e1 acorda pedindo por um caf\u00e9 bem forte logo cedo!<\/p>\n<p>A Caneca Urban \u00e9 fabricada em porcelana de alta qualidade que garante maior durabilidade durante seu uso. Ela \u00e9 perfeita para voc\u00ea apreciar aquele caf\u00e9 quentinho ou chocolate quente super cremoso de um jeito todo especial.<\/p>\n<p>A Linha de Canecas Urban \u00e9 um item essencial em qualquer caf\u00e9 da manh\u00e3, al\u00e9m disso d\u00e1 para us\u00e1-la como porta treco, porta l\u00e1pis ou presentear algu\u00e9m especial.<\/p>\n<p>Caracter\u00edsticas:<br \/>\nAltura: 9 cm<br \/>\nDi\u00e2metro: 8.5 cm<br \/>\nCapacidade: 300 ml<\/p>\n<p>Cont\u00e9m 1 caneca<\/p>\n<p>Cuidados:<br \/>\nLavar com \u00e1gua e sab\u00e3o neutro<br \/>\nN\u00e3o utilizar produtos qu\u00edmicos e abrasivos<br \/>\nImpactos podem danificar o produto<\/p>\n","protected":false},"excerpt":{"rendered":"<p>Depois do caf\u00e9, eu me expresso! Essa caneca \u00e9 perfeita pra quem j\u00e1 acorda pedindo por um caf\u00e9 bem forte&hellip;<\/p>\n","protected":false},"featured_media":347258,"comment_status":"open","ping_status":"closed","template":"","meta":[],"product_cat":[235,132],"product_tag":[],"_links":{"self":[{"href":"https:\/\/www.livrariarema.com.br\/loja\/wp-json\/wp\/v2\/product\/60334"}],"collection":[{"href":"https:\/\/www.livrariarema.com.br\/loja\/wp-json\/wp\/v2\/product"}],"about":[{"href":"https:\/\/www.livrariarema.com.br\/loja\/wp-json\/wp\/v2\/types\/product"}],"replies":[{"embeddable":true,"href":"https:\/\/www.livrariarema.com.br\/loja\/wp-json\/wp\/v2\/comments?post=60334"}],"wp:featuredmedia":[{"embeddable":true,"href":"https:\/\/www.livrariarema.com.br\/loja\/wp-json\/wp\/v2\/media\/347258"}],"wp:attachment":[{"href":"https:\/\/www.livrariarema.com.br\/loja\/wp-json\/wp\/v2\/media?parent=60334"}],"wp:term":[{"taxonomy":"product_cat","embeddable":true,"href":"https:\/\/www.livrariarema.com.br\/loja\/wp-json\/wp\/v2\/product_cat?post=60334"},{"taxonomy":"product_tag","embeddable":true,"href":"https:\/\/www.livrariarema.com.br\/loja\/wp-json\/wp\/v2\/product_tag?post=60334"}],"curies":[{"name":"wp","href":"https:\/\/api.w.org\/{rel}","templated":true}]}}