{"id":60358,"date":"2021-01-22T14:17:13","date_gmt":"2021-01-22T17:17:13","guid":{"rendered":"https:\/\/www.livrariarema.com.br\/loja\/produtos\/sem%20categoria\/meu-primeiro-livro-de-historias-da-biblia\/"},"modified":"2025-01-31T18:10:39","modified_gmt":"2025-01-31T21:10:39","slug":"meu-primeiro-livro-de-historias-da-biblia","status":"publish","type":"product","link":"https:\/\/www.livrariarema.com.br\/loja\/produtos\/livros\/infantil\/meu-primeiro-livro-de-historias-da-biblia\/","title":{"rendered":"Meu Primeiro Livro De Hist\u00f3rias Da B\u00edblia"},"content":{"rendered":"<p>Procurando uma maneira divertida e envolvente de apresentar a seus filhos algumas das principais hist\u00f3rias da Palavra de Deus? <br \/>\nN\u00e3o procure mais! <br \/>\nO Meu Primeiro Livro de Hist\u00f3rias da B\u00edblia, \u00e9 uma obra com vinte sete hist\u00f3rias mais conhecidas da B\u00edblia, que conta de maneira simples e clara desde a Cria\u00e7\u00e3o at\u00e9 a Igreja Primitiva. Indicado para os pequenos de 2 a 4 anos, o Meu Primeiro Livro de Hist\u00f3rias da B\u00edblia fornecer\u00e1 horas de divers\u00e3o e aprendizado. <br \/>\nCom muitas Ilustra\u00e7\u00f5es coloridas e uma leitura envolvente prende a aten\u00e7\u00e3o e o cora\u00e7\u00e3o das crian\u00e7as e facilita o estabelecimento de uma base para uma f\u00e9 que durar\u00e1 para toda a vida.<\/p>\n","protected":false},"excerpt":{"rendered":"<p>Procurando uma maneira divertida e envolvente de apresentar a seus filhos algumas das principais hist\u00f3rias da Palavra de Deus? N\u00e3o&hellip;<\/p>\n","protected":false},"featured_media":321547,"comment_status":"open","ping_status":"closed","template":"","meta":[],"product_cat":[144,134],"product_tag":[],"_links":{"self":[{"href":"https:\/\/www.livrariarema.com.br\/loja\/wp-json\/wp\/v2\/product\/60358"}],"collection":[{"href":"https:\/\/www.livrariarema.com.br\/loja\/wp-json\/wp\/v2\/product"}],"about":[{"href":"https:\/\/www.livrariarema.com.br\/loja\/wp-json\/wp\/v2\/types\/product"}],"replies":[{"embeddable":true,"href":"https:\/\/www.livrariarema.com.br\/loja\/wp-json\/wp\/v2\/comments?post=60358"}],"wp:featuredmedia":[{"embeddable":true,"href":"https:\/\/www.livrariarema.com.br\/loja\/wp-json\/wp\/v2\/media\/321547"}],"wp:attachment":[{"href":"https:\/\/www.livrariarema.com.br\/loja\/wp-json\/wp\/v2\/media?parent=60358"}],"wp:term":[{"taxonomy":"product_cat","embeddable":true,"href":"https:\/\/www.livrariarema.com.br\/loja\/wp-json\/wp\/v2\/product_cat?post=60358"},{"taxonomy":"product_tag","embeddable":true,"href":"https:\/\/www.livrariarema.com.br\/loja\/wp-json\/wp\/v2\/product_tag?post=60358"}],"curies":[{"name":"wp","href":"https:\/\/api.w.org\/{rel}","templated":true}]}}