{"id":60360,"date":"2021-01-22T14:17:17","date_gmt":"2021-01-22T17:17:17","guid":{"rendered":"https:\/\/www.livrariarema.com.br\/loja\/produtos\/sem%20categoria\/as-melhores-atividades-biblicas-para-criancas\/"},"modified":"2026-01-24T12:40:41","modified_gmt":"2026-01-24T15:40:41","slug":"as-melhores-atividades-biblicas-para-criancas","status":"publish","type":"product","link":"https:\/\/www.livrariarema.com.br\/loja\/produtos\/livros\/infantil\/as-melhores-atividades-biblicas-para-criancas\/","title":{"rendered":"As Melhores Atividades Biblicas Para Crian\u00e7as"},"content":{"rendered":"<p>Procurando uma maneira divertida de apresentar aos seus filhos as hist\u00f3rias da Palavra de Deus? As Melhores Atividades B\u00edblicas para Crian\u00e7as, \u00e9 um livro que conta as principais passagens b\u00edblicas atrav\u00e9s de atividades bem criativas que envolve os pequenos, proporcionando aprendizado e entretenimento ao mesmo tempo. Com dezessete hist\u00f3rias b\u00edblicas bem conhecidas e belas ilustra\u00e7\u00f5es coloridas torna cada p\u00e1gina uma grande divers\u00e3o!<\/p>\n","protected":false},"excerpt":{"rendered":"<p>Procurando uma maneira divertida de apresentar aos seus filhos as hist\u00f3rias da Palavra de Deus? As Melhores Atividades B\u00edblicas para&hellip;<\/p>\n","protected":false},"featured_media":288069,"comment_status":"open","ping_status":"closed","template":"","meta":[],"product_cat":[144,134],"product_tag":[],"_links":{"self":[{"href":"https:\/\/www.livrariarema.com.br\/loja\/wp-json\/wp\/v2\/product\/60360"}],"collection":[{"href":"https:\/\/www.livrariarema.com.br\/loja\/wp-json\/wp\/v2\/product"}],"about":[{"href":"https:\/\/www.livrariarema.com.br\/loja\/wp-json\/wp\/v2\/types\/product"}],"replies":[{"embeddable":true,"href":"https:\/\/www.livrariarema.com.br\/loja\/wp-json\/wp\/v2\/comments?post=60360"}],"wp:featuredmedia":[{"embeddable":true,"href":"https:\/\/www.livrariarema.com.br\/loja\/wp-json\/wp\/v2\/media\/288069"}],"wp:attachment":[{"href":"https:\/\/www.livrariarema.com.br\/loja\/wp-json\/wp\/v2\/media?parent=60360"}],"wp:term":[{"taxonomy":"product_cat","embeddable":true,"href":"https:\/\/www.livrariarema.com.br\/loja\/wp-json\/wp\/v2\/product_cat?post=60360"},{"taxonomy":"product_tag","embeddable":true,"href":"https:\/\/www.livrariarema.com.br\/loja\/wp-json\/wp\/v2\/product_tag?post=60360"}],"curies":[{"name":"wp","href":"https:\/\/api.w.org\/{rel}","templated":true}]}}