{"id":60364,"date":"2021-01-22T14:17:25","date_gmt":"2021-01-22T17:17:25","guid":{"rendered":"https:\/\/www.livrariarema.com.br\/loja\/produtos\/sem%20categoria\/biblia-o-maravilhoso-plano-de-deus\/"},"modified":"2026-01-07T14:28:38","modified_gmt":"2026-01-07T17:28:38","slug":"biblia-o-maravilhoso-plano-de-deus","status":"publish","type":"product","link":"https:\/\/www.livrariarema.com.br\/loja\/produtos\/livros\/infantil\/biblia-o-maravilhoso-plano-de-deus\/","title":{"rendered":"B\u00edblia O Maravilhoso Plano De Deus"},"content":{"rendered":"<p>Uma B\u00edblia recontada, escrita com uma linguagem de f\u00e1cil entendimento pela conceituada autora de obras infantis Amy Parker. Acompanhada de ilustra\u00e7\u00f5es vibrantes, esta obra, perfeita para juniores e pr\u00e9-adolescentes segue o plano de reden\u00e7\u00e3o e salva\u00e7\u00e3o de Deus de G\u00eanesis a Apocalipse e revela Deus, na sua infinita bondade e imerecida miseric\u00f3rdia. E, de b\u00f4nus, cada cap\u00edtulo termina com um vers\u00edculo-chave que enfatiza o tema principal da hist\u00f3ria b\u00edblica.<\/p>\n","protected":false},"excerpt":{"rendered":"<p>Uma B\u00edblia recontada, escrita com uma linguagem de f\u00e1cil entendimento pela conceituada autora de obras infantis Amy Parker. Acompanhada de&hellip;<\/p>\n","protected":false},"featured_media":342755,"comment_status":"open","ping_status":"closed","template":"","meta":[],"product_cat":[144,134],"product_tag":[],"_links":{"self":[{"href":"https:\/\/www.livrariarema.com.br\/loja\/wp-json\/wp\/v2\/product\/60364"}],"collection":[{"href":"https:\/\/www.livrariarema.com.br\/loja\/wp-json\/wp\/v2\/product"}],"about":[{"href":"https:\/\/www.livrariarema.com.br\/loja\/wp-json\/wp\/v2\/types\/product"}],"replies":[{"embeddable":true,"href":"https:\/\/www.livrariarema.com.br\/loja\/wp-json\/wp\/v2\/comments?post=60364"}],"wp:featuredmedia":[{"embeddable":true,"href":"https:\/\/www.livrariarema.com.br\/loja\/wp-json\/wp\/v2\/media\/342755"}],"wp:attachment":[{"href":"https:\/\/www.livrariarema.com.br\/loja\/wp-json\/wp\/v2\/media?parent=60364"}],"wp:term":[{"taxonomy":"product_cat","embeddable":true,"href":"https:\/\/www.livrariarema.com.br\/loja\/wp-json\/wp\/v2\/product_cat?post=60364"},{"taxonomy":"product_tag","embeddable":true,"href":"https:\/\/www.livrariarema.com.br\/loja\/wp-json\/wp\/v2\/product_tag?post=60364"}],"curies":[{"name":"wp","href":"https:\/\/api.w.org\/{rel}","templated":true}]}}