{"id":60429,"date":"2021-01-22T14:20:57","date_gmt":"2021-01-22T17:20:57","guid":{"rendered":"https:\/\/www.livrariarema.com.br\/loja\/produtos\/sem%20categoria\/caderno-colegial-80-folhas-cambridge-sem-pauta\/"},"modified":"2026-03-02T08:35:24","modified_gmt":"2026-03-02T11:35:24","slug":"caderno-colegial-80-folhas-cambridge-sem-pauta","status":"publish","type":"product","link":"https:\/\/www.livrariarema.com.br\/loja\/produtos\/papelaria\/caderno\/caderno-colegial-80-folhas-cambridge-sem-pauta\/","title":{"rendered":"Caderno Colegial 80 Folhas &#8211; Cambridge &#8211; Sem Pauta"},"content":{"rendered":"<p>O Caderno Executivo Espiral Capa Pl\u00e1stica sem Pauta Colegial Cambridge Definit 80 Folhas \u00e9 ideal para o dia a dia. Este produto possui capa pl\u00e1stica, acabamento espiral e 80 folhas sem pautas.<\/p>\n","protected":false},"excerpt":{"rendered":"<p>O Caderno Executivo Espiral Capa Pl\u00e1stica sem Pauta Colegial Cambridge Definit 80 Folhas \u00e9 ideal para o dia a dia.&hellip;<\/p>\n","protected":false},"featured_media":327312,"comment_status":"open","ping_status":"closed","template":"","meta":[],"product_cat":[230,215],"product_tag":[],"_links":{"self":[{"href":"https:\/\/www.livrariarema.com.br\/loja\/wp-json\/wp\/v2\/product\/60429"}],"collection":[{"href":"https:\/\/www.livrariarema.com.br\/loja\/wp-json\/wp\/v2\/product"}],"about":[{"href":"https:\/\/www.livrariarema.com.br\/loja\/wp-json\/wp\/v2\/types\/product"}],"replies":[{"embeddable":true,"href":"https:\/\/www.livrariarema.com.br\/loja\/wp-json\/wp\/v2\/comments?post=60429"}],"wp:featuredmedia":[{"embeddable":true,"href":"https:\/\/www.livrariarema.com.br\/loja\/wp-json\/wp\/v2\/media\/327312"}],"wp:attachment":[{"href":"https:\/\/www.livrariarema.com.br\/loja\/wp-json\/wp\/v2\/media?parent=60429"}],"wp:term":[{"taxonomy":"product_cat","embeddable":true,"href":"https:\/\/www.livrariarema.com.br\/loja\/wp-json\/wp\/v2\/product_cat?post=60429"},{"taxonomy":"product_tag","embeddable":true,"href":"https:\/\/www.livrariarema.com.br\/loja\/wp-json\/wp\/v2\/product_tag?post=60429"}],"curies":[{"name":"wp","href":"https:\/\/api.w.org\/{rel}","templated":true}]}}