{"id":60444,"date":"2021-01-22T14:21:25","date_gmt":"2021-01-22T17:21:25","guid":{"rendered":"https:\/\/www.livrariarema.com.br\/loja\/produtos\/sem categoria\/pincel-n-8-redondo\/"},"modified":"2024-07-11T02:30:37","modified_gmt":"2024-07-11T05:30:37","slug":"pincel-n-8-redondo","status":"publish","type":"product","link":"https:\/\/www.livrariarema.com.br\/loja\/produtos\/papelaria\/pincel\/pincel-n-8-redondo\/","title":{"rendered":"PINCEL &#8211; N.8 &#8211; REDONDO"},"content":{"rendered":"<p>O Pincel para Pintura Redondo N.8 \u00e9 suave e resistente, oferecendo \u00f3tima precis\u00e3o no tra\u00e7o. Possui pelo de camelo e \u00e9 ideal para a realiza\u00e7\u00e3o de artesanato, podendo ser usado em tela, tecido e madeira. Sua ponta redonda garante maior efici\u00eancia em t\u00e9cnicas de contornos, filetes e manchas.<\/p>\n","protected":false},"excerpt":{"rendered":"<p>O Pincel para Pintura Redondo N.8 \u00e9 suave e resistente, oferecendo \u00f3tima precis\u00e3o no tra\u00e7o. Possui pelo de camelo e&hellip;<\/p>\n","protected":false},"featured_media":64284,"comment_status":"open","ping_status":"closed","template":"","meta":[],"product_cat":[215,275],"product_tag":[],"_links":{"self":[{"href":"https:\/\/www.livrariarema.com.br\/loja\/wp-json\/wp\/v2\/product\/60444"}],"collection":[{"href":"https:\/\/www.livrariarema.com.br\/loja\/wp-json\/wp\/v2\/product"}],"about":[{"href":"https:\/\/www.livrariarema.com.br\/loja\/wp-json\/wp\/v2\/types\/product"}],"replies":[{"embeddable":true,"href":"https:\/\/www.livrariarema.com.br\/loja\/wp-json\/wp\/v2\/comments?post=60444"}],"wp:featuredmedia":[{"embeddable":true,"href":"https:\/\/www.livrariarema.com.br\/loja\/wp-json\/wp\/v2\/media\/64284"}],"wp:attachment":[{"href":"https:\/\/www.livrariarema.com.br\/loja\/wp-json\/wp\/v2\/media?parent=60444"}],"wp:term":[{"taxonomy":"product_cat","embeddable":true,"href":"https:\/\/www.livrariarema.com.br\/loja\/wp-json\/wp\/v2\/product_cat?post=60444"},{"taxonomy":"product_tag","embeddable":true,"href":"https:\/\/www.livrariarema.com.br\/loja\/wp-json\/wp\/v2\/product_tag?post=60444"}],"curies":[{"name":"wp","href":"https:\/\/api.w.org\/{rel}","templated":true}]}}