{"id":60446,"date":"2021-01-22T14:21:28","date_gmt":"2021-01-22T17:21:28","guid":{"rendered":"https:\/\/www.livrariarema.com.br\/loja\/produtos\/sem%20categoria\/pincel-n-12-redondo\/"},"modified":"2026-01-30T14:43:27","modified_gmt":"2026-01-30T17:43:27","slug":"pincel-n-12-redondo","status":"publish","type":"product","link":"https:\/\/www.livrariarema.com.br\/loja\/produtos\/papelaria\/pincel\/pincel-n-12-redondo\/","title":{"rendered":"Pincel &#8211; Tilibra &#8211; N.12 &#8211; Redondo"},"content":{"rendered":"<p>O Pincel para Pintura Redondo N.12 \u00e9 suave e resistente, oferecendo \u00f3tima precis\u00e3o no tra\u00e7o. Possui pelo de camelo e \u00e9 ideal para a realiza\u00e7\u00e3o de artesanato, podendo ser usado em tela, tecido e madeira. Sua ponta redonda garante maior efici\u00eancia em t\u00e9cnicas de contornos, filetes e manchas.<\/p>\n","protected":false},"excerpt":{"rendered":"<p>O Pincel para Pintura Redondo N.12 \u00e9 suave e resistente, oferecendo \u00f3tima precis\u00e3o no tra\u00e7o. Possui pelo de camelo e&hellip;<\/p>\n","protected":false},"featured_media":310403,"comment_status":"open","ping_status":"closed","template":"","meta":[],"product_cat":[215,275],"product_tag":[],"_links":{"self":[{"href":"https:\/\/www.livrariarema.com.br\/loja\/wp-json\/wp\/v2\/product\/60446"}],"collection":[{"href":"https:\/\/www.livrariarema.com.br\/loja\/wp-json\/wp\/v2\/product"}],"about":[{"href":"https:\/\/www.livrariarema.com.br\/loja\/wp-json\/wp\/v2\/types\/product"}],"replies":[{"embeddable":true,"href":"https:\/\/www.livrariarema.com.br\/loja\/wp-json\/wp\/v2\/comments?post=60446"}],"wp:featuredmedia":[{"embeddable":true,"href":"https:\/\/www.livrariarema.com.br\/loja\/wp-json\/wp\/v2\/media\/310403"}],"wp:attachment":[{"href":"https:\/\/www.livrariarema.com.br\/loja\/wp-json\/wp\/v2\/media?parent=60446"}],"wp:term":[{"taxonomy":"product_cat","embeddable":true,"href":"https:\/\/www.livrariarema.com.br\/loja\/wp-json\/wp\/v2\/product_cat?post=60446"},{"taxonomy":"product_tag","embeddable":true,"href":"https:\/\/www.livrariarema.com.br\/loja\/wp-json\/wp\/v2\/product_tag?post=60446"}],"curies":[{"name":"wp","href":"https:\/\/api.w.org\/{rel}","templated":true}]}}