{"id":60609,"date":"2021-01-22T14:25:46","date_gmt":"2021-01-22T17:25:46","guid":{"rendered":"https:\/\/www.livrariarema.com.br\/loja\/produtos\/sem%20categoria\/voce-nunca-esta-so-max-lucado\/"},"modified":"2026-02-24T17:23:29","modified_gmt":"2026-02-24T20:23:29","slug":"voce-nunca-esta-so-max-lucado","status":"publish","type":"product","link":"https:\/\/www.livrariarema.com.br\/loja\/produtos\/livros\/vida-crista\/voce-nunca-esta-so-max-lucado\/","title":{"rendered":"Voc\u00ea Nunca Est\u00e1 So &#8211; Max Lucado"},"content":{"rendered":"<p>&#8220;&#8221;Em algum momento, voc\u00ea j\u00e1 se convenceu de que ningu\u00e9m se importa? <br \/>\nQue ningu\u00e9m pode lhe ajudar, ouvir ou atender sua liga\u00e7\u00e3o? <br \/>\nNesse caso, tenho uma palavra encorajadora: voc\u00ea n\u00e3o est\u00e1 sozinho.<br \/>\nN\u00e3o quero dizer que voc\u00ea n\u00e3o est\u00e1 sozinho em se sentir sozinho. Quero dizer que voc\u00ea n\u00e3o est\u00e1 sozinho, ponto final. <br \/>\nAquela sensa\u00e7\u00e3o aflitiva e sombria de isolamento e impot\u00eancia? Ela n\u00e3o est\u00e1 aqui para ficar. A presen\u00e7a e o poder de Deus est\u00e3o mais pr\u00f3ximos do que pensamos. N\u00f3s temos apenas que olhar para os milagres de Jesus para saber dessa verdade.<br \/>\nVoc\u00ea e eu ansiamos por algu\u00e9m que nos encontre no meio da bagun\u00e7a da vida. Ansiamos por acreditar em um Deus vivo, amoroso, milagroso, que n\u00e3o pensa duas vezes antes de entrar nos matagais espinhosos do nosso mundo e nos levantar.<br \/>\nSe esse \u00e9 o seu desejo, convido voc\u00ea a se juntar a mim, examinando bem as palavras de Jo\u00e3o e os milagres de Cristo e ver se elas n\u00e3o atendem \u00e0s suas necessidades mais profundas: `[&#8230;] para que voc\u00eas creiam que Jesus \u00e9 o Cristo, o Filho de Deus e, crendo, tenham vida em seu nome` (Jo\u00e3o 20:31).&#8221; &#8211; Max Lucado.<\/p>\n","protected":false},"excerpt":{"rendered":"<p>&#8220;&#8221;Em algum momento, voc\u00ea j\u00e1 se convenceu de que ningu\u00e9m se importa? Que ningu\u00e9m pode lhe ajudar, ouvir ou atender&hellip;<\/p>\n","protected":false},"featured_media":345404,"comment_status":"open","ping_status":"closed","template":"","meta":[],"product_cat":[134,137],"product_tag":[],"_links":{"self":[{"href":"https:\/\/www.livrariarema.com.br\/loja\/wp-json\/wp\/v2\/product\/60609"}],"collection":[{"href":"https:\/\/www.livrariarema.com.br\/loja\/wp-json\/wp\/v2\/product"}],"about":[{"href":"https:\/\/www.livrariarema.com.br\/loja\/wp-json\/wp\/v2\/types\/product"}],"replies":[{"embeddable":true,"href":"https:\/\/www.livrariarema.com.br\/loja\/wp-json\/wp\/v2\/comments?post=60609"}],"wp:featuredmedia":[{"embeddable":true,"href":"https:\/\/www.livrariarema.com.br\/loja\/wp-json\/wp\/v2\/media\/345404"}],"wp:attachment":[{"href":"https:\/\/www.livrariarema.com.br\/loja\/wp-json\/wp\/v2\/media?parent=60609"}],"wp:term":[{"taxonomy":"product_cat","embeddable":true,"href":"https:\/\/www.livrariarema.com.br\/loja\/wp-json\/wp\/v2\/product_cat?post=60609"},{"taxonomy":"product_tag","embeddable":true,"href":"https:\/\/www.livrariarema.com.br\/loja\/wp-json\/wp\/v2\/product_tag?post=60609"}],"curies":[{"name":"wp","href":"https:\/\/api.w.org\/{rel}","templated":true}]}}