{"id":60729,"date":"2021-01-22T14:38:53","date_gmt":"2021-01-22T17:38:53","guid":{"rendered":"https:\/\/www.livrariarema.com.br\/loja\/produtos\/sem%20categoria\/na083jr-biblia-sagrada-jornada-azul-escuro\/"},"modified":"2025-09-11T11:11:07","modified_gmt":"2025-09-11T14:11:07","slug":"na083jr-biblia-sagrada-jornada-azul-escuro","status":"publish","type":"product","link":"https:\/\/www.livrariarema.com.br\/loja\/produtos\/biblias\/nova-almeida-atualizada\/na083jr-biblia-sagrada-jornada-azul-escuro\/","title":{"rendered":"Na083jr &#8211; B\u00edblia Sagrada Jornada &#8211; Azul Escuro"},"content":{"rendered":"<p>A B\u00edblia \u00e9 o livro que conta a jornada do ser humano neste mundo e o seu relacionamento com o Deus Criador e Salvador. Pensando nisso, a Sociedade B\u00edblica do Brasil preparou a B\u00edblia Sagrada Jornada, focando na singularidade do nosso relacionamento com Deus e da nossa intera\u00e7\u00e3o com a sua Palavra. Al\u00e9m do texto b\u00edblico Nova Almeida Atualizada (NAA) em uma linguagem contempor\u00e2nea, a B\u00edblia traz uma s\u00e9rie de recursos para que o leitor construa sua jornada particular com Deus. Na B\u00edblia Sagrada Jornada, ao ler a Palavra de Deus, o leitor poder\u00e1 interagir, registrando o que pensa ou sente, anotando explica\u00e7\u00f5es ou prega\u00e7\u00f5es, fazendo ilustra\u00e7\u00f5es, sublinhando ou destacando o que mais chamou a aten\u00e7\u00e3o no texto sagrado. Esta B\u00edblia \u00e9 ideal para tudo isso e muito mais.<\/p>\n<p>Recursos Adicionais:<\/p>\n<p>&#8211; Quase 3 mil notas introdut\u00f3rias a cada per\u00edcope (uma &#8220;per\u00edcope&#8221; \u00e9 um conjunto de vers\u00edculos precedido por um t\u00edtulo)<br \/>\n&#8211; Espa\u00e7o nas laterais (para anota\u00e7\u00e3o, ilustra\u00e7\u00e3o etc.)<br \/>\n&#8211; Refer\u00eancias cruzadas: direcionam os leitores a outras passagens b\u00edblicas, notas ou recursos.<br \/>\n&#8211; Desafio: um m\u00eas com a B\u00edblia<br \/>\n&#8211; Um guia para os principais acontecimentos, personagens e temas da B\u00edblia<br \/>\n&#8211; Como encontrar ajuda na B\u00edblia<br \/>\n&#8211; Adesivos para personalizar a B\u00edblia<\/p>\n","protected":false},"excerpt":{"rendered":"<p>A B\u00edblia \u00e9 o livro que conta a jornada do ser humano neste mundo e o seu relacionamento com o&hellip;<\/p>\n","protected":false},"featured_media":323313,"comment_status":"open","ping_status":"closed","template":"","meta":[],"product_cat":[139,174],"product_tag":[],"_links":{"self":[{"href":"https:\/\/www.livrariarema.com.br\/loja\/wp-json\/wp\/v2\/product\/60729"}],"collection":[{"href":"https:\/\/www.livrariarema.com.br\/loja\/wp-json\/wp\/v2\/product"}],"about":[{"href":"https:\/\/www.livrariarema.com.br\/loja\/wp-json\/wp\/v2\/types\/product"}],"replies":[{"embeddable":true,"href":"https:\/\/www.livrariarema.com.br\/loja\/wp-json\/wp\/v2\/comments?post=60729"}],"wp:featuredmedia":[{"embeddable":true,"href":"https:\/\/www.livrariarema.com.br\/loja\/wp-json\/wp\/v2\/media\/323313"}],"wp:attachment":[{"href":"https:\/\/www.livrariarema.com.br\/loja\/wp-json\/wp\/v2\/media?parent=60729"}],"wp:term":[{"taxonomy":"product_cat","embeddable":true,"href":"https:\/\/www.livrariarema.com.br\/loja\/wp-json\/wp\/v2\/product_cat?post=60729"},{"taxonomy":"product_tag","embeddable":true,"href":"https:\/\/www.livrariarema.com.br\/loja\/wp-json\/wp\/v2\/product_tag?post=60729"}],"curies":[{"name":"wp","href":"https:\/\/api.w.org\/{rel}","templated":true}]}}