{"id":60761,"date":"2021-01-22T14:39:53","date_gmt":"2021-01-22T17:39:53","guid":{"rendered":"https:\/\/www.livrariarema.com.br\/loja\/produtos\/sem%20categoria\/biblia-nvi-leao-de-juda\/"},"modified":"2026-03-11T17:00:45","modified_gmt":"2026-03-11T20:00:45","slug":"biblia-nvi-leao-de-juda","status":"publish","type":"product","link":"https:\/\/www.livrariarema.com.br\/loja\/produtos\/biblias\/nvi\/biblia-nvi-leao-de-juda\/","title":{"rendered":"B\u00edblia &#8211; Nvi &#8211; Le\u00e3o De Jud\u00e1"},"content":{"rendered":"<p>Capa dura em material soft touch<br \/>\nBordas arredondadas e em cor<br \/>\nVers\u00e3o B\u00edblica: Nova vers\u00e3o Internacional (NVI)<br \/>\nPanorama B\u00edblico em quadros<br \/>\nMapas coloridos<br \/>\nPalavras de Jesus destacadas em vermelho<br \/>\nNVI<\/p>\n<p>Traduzida diretamente dos idiomas originais hebraico, aramaico e grego, a NVI traz um conte\u00fado confi\u00e1vel e de f\u00e1cil entendimento. Seus tradutores utilizaram-se de amplo vocabul\u00e1rio com caracter\u00edstica comunicativa, mas preservando a fidelidade aos originais, para que a mensagem b\u00edblica tenha sobre os leitores contempor\u00e2neos o mesmo efeito que produziu no p\u00fablico original.<\/p>\n","protected":false},"excerpt":{"rendered":"<p>Capa dura em material soft touch Bordas arredondadas e em cor Vers\u00e3o B\u00edblica: Nova vers\u00e3o Internacional (NVI) Panorama B\u00edblico em&hellip;<\/p>\n","protected":false},"featured_media":338497,"comment_status":"open","ping_status":"closed","template":"","meta":[],"product_cat":[139,166],"product_tag":[],"_links":{"self":[{"href":"https:\/\/www.livrariarema.com.br\/loja\/wp-json\/wp\/v2\/product\/60761"}],"collection":[{"href":"https:\/\/www.livrariarema.com.br\/loja\/wp-json\/wp\/v2\/product"}],"about":[{"href":"https:\/\/www.livrariarema.com.br\/loja\/wp-json\/wp\/v2\/types\/product"}],"replies":[{"embeddable":true,"href":"https:\/\/www.livrariarema.com.br\/loja\/wp-json\/wp\/v2\/comments?post=60761"}],"wp:featuredmedia":[{"embeddable":true,"href":"https:\/\/www.livrariarema.com.br\/loja\/wp-json\/wp\/v2\/media\/338497"}],"wp:attachment":[{"href":"https:\/\/www.livrariarema.com.br\/loja\/wp-json\/wp\/v2\/media?parent=60761"}],"wp:term":[{"taxonomy":"product_cat","embeddable":true,"href":"https:\/\/www.livrariarema.com.br\/loja\/wp-json\/wp\/v2\/product_cat?post=60761"},{"taxonomy":"product_tag","embeddable":true,"href":"https:\/\/www.livrariarema.com.br\/loja\/wp-json\/wp\/v2\/product_tag?post=60761"}],"curies":[{"name":"wp","href":"https:\/\/api.w.org\/{rel}","templated":true}]}}