{"id":60763,"date":"2021-01-22T14:39:56","date_gmt":"2021-01-22T17:39:56","guid":{"rendered":"https:\/\/www.livrariarema.com.br\/loja\/produtos\/sem%20categoria\/biblia-nvt-mulher-virtuosa-rosa\/"},"modified":"2025-05-22T13:00:09","modified_gmt":"2025-05-22T16:00:09","slug":"biblia-nvt-mulher-virtuosa-rosa","status":"publish","type":"product","link":"https:\/\/www.livrariarema.com.br\/loja\/produtos\/biblias\/nvt\/biblia-nvt-mulher-virtuosa-rosa\/","title":{"rendered":"B\u00edblia &#8211; Nvt &#8211; Mulher Virtuosa &#8211; Rosa"},"content":{"rendered":"<p>Capa dura em material soft touch<br \/>\nBordas arredondadas e em cor<br \/>\nVers\u00e3o B\u00edblica: Nova Vers\u00e3o Transformadora (NVT)<br \/>\nLinha do tempo, que organiza cronologicamente a hist\u00f3ria b\u00edblica<br \/>\nPlano de leitura b\u00edblica em um ano<br \/>\nNVT<\/p>\n<p>Com uma tradu\u00e7\u00e3o que se utilizou dos melhores manuscritos das l\u00ednguas originais da B\u00edblia, e que contou com uma equipe de tradutores especialistas qualificados e revisores competentes, a NVT foi aprimorada de modo que preservasse os elementos formais dos textos b\u00edblicos originais e, ao mesmo tempo, criasse um texto claro e intelig\u00edvel em portugu\u00eas.<\/p>\n","protected":false},"excerpt":{"rendered":"<p>Capa dura em material soft touch Bordas arredondadas e em cor Vers\u00e3o B\u00edblica: Nova Vers\u00e3o Transformadora (NVT) Linha do tempo,&hellip;<\/p>\n","protected":false},"featured_media":318557,"comment_status":"open","ping_status":"closed","template":"","meta":[],"product_cat":[139,225],"product_tag":[],"_links":{"self":[{"href":"https:\/\/www.livrariarema.com.br\/loja\/wp-json\/wp\/v2\/product\/60763"}],"collection":[{"href":"https:\/\/www.livrariarema.com.br\/loja\/wp-json\/wp\/v2\/product"}],"about":[{"href":"https:\/\/www.livrariarema.com.br\/loja\/wp-json\/wp\/v2\/types\/product"}],"replies":[{"embeddable":true,"href":"https:\/\/www.livrariarema.com.br\/loja\/wp-json\/wp\/v2\/comments?post=60763"}],"wp:featuredmedia":[{"embeddable":true,"href":"https:\/\/www.livrariarema.com.br\/loja\/wp-json\/wp\/v2\/media\/318557"}],"wp:attachment":[{"href":"https:\/\/www.livrariarema.com.br\/loja\/wp-json\/wp\/v2\/media?parent=60763"}],"wp:term":[{"taxonomy":"product_cat","embeddable":true,"href":"https:\/\/www.livrariarema.com.br\/loja\/wp-json\/wp\/v2\/product_cat?post=60763"},{"taxonomy":"product_tag","embeddable":true,"href":"https:\/\/www.livrariarema.com.br\/loja\/wp-json\/wp\/v2\/product_tag?post=60763"}],"curies":[{"name":"wp","href":"https:\/\/api.w.org\/{rel}","templated":true}]}}