{"id":60768,"date":"2021-01-22T14:40:05","date_gmt":"2021-01-22T17:40:05","guid":{"rendered":"https:\/\/www.livrariarema.com.br\/loja\/produtos\/sem%20categoria\/mentiras-em-que-os-homens-acreditam-e-a-verdade-que-os-liberta-robert-wolgemut\/"},"modified":"2026-02-20T13:23:05","modified_gmt":"2026-02-20T16:23:05","slug":"mentiras-em-que-os-homens-acreditam-e-a-verdade-que-os-liberta-robert-wolgemut","status":"publish","type":"product","link":"https:\/\/www.livrariarema.com.br\/loja\/produtos\/livros\/homem\/mentiras-em-que-os-homens-acreditam-e-a-verdade-que-os-liberta-robert-wolgemut\/","title":{"rendered":"Mentiras Em Que Os Homens Acreditam E A Verdade Que Os Liberta &#8211; Robert Wolgemut"},"content":{"rendered":"<p>Nesta obra, Robert Wolgemuth mostra como podemos responder com a verdade do evangelho \u00e0s mentiras sobre:<\/p>\n<p>Deus,<br \/>\nn\u00f3s mesmos,<br \/>\no pecado,<br \/>\na sexualidade,<br \/>\no casamento,<br \/>\no trabalho e<br \/>\no mundo.<br \/>\nAo ler este livro, voc\u00ea descobrir\u00e1 que essas mentiras t\u00eam tirado sua alegria e liberdade, al\u00e9m da intimidade com Deus e com outras pessoas. Ser\u00e1 relembrado de que sempre pode correr para Jesus, o Salvador, pedindo humildemente que ele o encha de seu Esp\u00edrito e trave suas batalhas. Chegou a hora de desmascarar as estrat\u00e9gias de Satan\u00e1s e fazer uso da arma que Deus nos deu para a batalha: a verdade, a \u00fanica capaz de mudar todas as coisas.<\/p>\n","protected":false},"excerpt":{"rendered":"<p>Nesta obra, Robert Wolgemuth mostra como podemos responder com a verdade do evangelho \u00e0s mentiras sobre: Deus, n\u00f3s mesmos, o&hellip;<\/p>\n","protected":false},"featured_media":345032,"comment_status":"open","ping_status":"closed","template":"","meta":[],"product_cat":[152,134],"product_tag":[],"_links":{"self":[{"href":"https:\/\/www.livrariarema.com.br\/loja\/wp-json\/wp\/v2\/product\/60768"}],"collection":[{"href":"https:\/\/www.livrariarema.com.br\/loja\/wp-json\/wp\/v2\/product"}],"about":[{"href":"https:\/\/www.livrariarema.com.br\/loja\/wp-json\/wp\/v2\/types\/product"}],"replies":[{"embeddable":true,"href":"https:\/\/www.livrariarema.com.br\/loja\/wp-json\/wp\/v2\/comments?post=60768"}],"wp:featuredmedia":[{"embeddable":true,"href":"https:\/\/www.livrariarema.com.br\/loja\/wp-json\/wp\/v2\/media\/345032"}],"wp:attachment":[{"href":"https:\/\/www.livrariarema.com.br\/loja\/wp-json\/wp\/v2\/media?parent=60768"}],"wp:term":[{"taxonomy":"product_cat","embeddable":true,"href":"https:\/\/www.livrariarema.com.br\/loja\/wp-json\/wp\/v2\/product_cat?post=60768"},{"taxonomy":"product_tag","embeddable":true,"href":"https:\/\/www.livrariarema.com.br\/loja\/wp-json\/wp\/v2\/product_tag?post=60768"}],"curies":[{"name":"wp","href":"https:\/\/api.w.org\/{rel}","templated":true}]}}