{"id":60804,"date":"2021-01-22T14:41:07","date_gmt":"2021-01-22T17:41:07","guid":{"rendered":"https:\/\/www.livrariarema.com.br\/loja\/produtos\/sem%20categoria\/o-livro-da-queda-do-homem-para-criancas-thomas-h-gallaudet\/"},"modified":"2025-12-16T17:45:55","modified_gmt":"2025-12-16T20:45:55","slug":"o-livro-da-queda-do-homem-para-criancas-thomas-h-gallaudet","status":"publish","type":"product","link":"https:\/\/www.livrariarema.com.br\/loja\/produtos\/promocao\/livros-promocao\/o-livro-da-queda-do-homem-para-criancas-thomas-h-gallaudet\/","title":{"rendered":"O Livro Da Queda Do Homem Para Criancas &#8211; Thomas H. Gallaudet"},"content":{"rendered":"<p>Thomas H. Gallaudet (1787-1851) foi o pai do ensino para surdos nos Estados Unidos. Ele devotou sua vida ao ensino das verdades da Palavra de Deus para os mais desprivilegiados. Eles escreveu d\u00fazias de livros usando uma linguagem simples e direta para crian\u00e7as, jovens e adultos. O livro da queda do homem para crian\u00e7as \u00e9 uma explica\u00e7\u00e3o clara sobre a origem do pecado no mundo. Gallaudet guia as crian\u00e7as pelo jardim do \u00c9den, ajudando-as a ver como os nossos primeiros pais ca\u00edram em rebeli\u00e3o contra o seu grande e gracioso Criador. Este livro conclui com um apelo apaixonado aos leitores para se dirigirem a Cristo, o \u00fanico que pode salv\u00e1-las dos seus pecados. Esse livro \u00e9 ideal para ser usado com crian\u00e7as de 6-12 anos, mas jovens, e mesmo adultos ir\u00e3o se beneficiar grandemente com a sua leitura.<\/p>\n","protected":false},"excerpt":{"rendered":"<p>Thomas H. Gallaudet (1787-1851) foi o pai do ensino para surdos nos Estados Unidos. Ele devotou sua vida ao ensino&hellip;<\/p>\n","protected":false},"featured_media":340631,"comment_status":"open","ping_status":"closed","template":"","meta":[],"product_cat":[143,142],"product_tag":[],"_links":{"self":[{"href":"https:\/\/www.livrariarema.com.br\/loja\/wp-json\/wp\/v2\/product\/60804"}],"collection":[{"href":"https:\/\/www.livrariarema.com.br\/loja\/wp-json\/wp\/v2\/product"}],"about":[{"href":"https:\/\/www.livrariarema.com.br\/loja\/wp-json\/wp\/v2\/types\/product"}],"replies":[{"embeddable":true,"href":"https:\/\/www.livrariarema.com.br\/loja\/wp-json\/wp\/v2\/comments?post=60804"}],"wp:featuredmedia":[{"embeddable":true,"href":"https:\/\/www.livrariarema.com.br\/loja\/wp-json\/wp\/v2\/media\/340631"}],"wp:attachment":[{"href":"https:\/\/www.livrariarema.com.br\/loja\/wp-json\/wp\/v2\/media?parent=60804"}],"wp:term":[{"taxonomy":"product_cat","embeddable":true,"href":"https:\/\/www.livrariarema.com.br\/loja\/wp-json\/wp\/v2\/product_cat?post=60804"},{"taxonomy":"product_tag","embeddable":true,"href":"https:\/\/www.livrariarema.com.br\/loja\/wp-json\/wp\/v2\/product_tag?post=60804"}],"curies":[{"name":"wp","href":"https:\/\/api.w.org\/{rel}","templated":true}]}}