{"id":60834,"date":"2021-01-22T14:42:03","date_gmt":"2021-01-22T17:42:03","guid":{"rendered":"https:\/\/www.livrariarema.com.br\/loja\/produtos\/sem%20categoria\/na85tiz-biblia-letra-grande-ziper-indice-preta\/"},"modified":"2023-09-13T16:19:31","modified_gmt":"2023-09-13T19:19:31","slug":"na85tiz-biblia-letra-grande-ziper-indice-preta","status":"publish","type":"product","link":"https:\/\/www.livrariarema.com.br\/loja\/produtos\/biblias\/nova-almeida-atualizada\/na85tiz-biblia-letra-grande-ziper-indice-preta\/","title":{"rendered":"Na85tiz &#8211; B\u00edblia &#8211; Letra Grande &#8211; Z\u00edper &#8211; \u00cdndice &#8211; Preta"},"content":{"rendered":"<p>Excelente op\u00e7\u00e3o para o dia a dia, esta edi\u00e7\u00e3o da B\u00edblia Sagrada \u00e9 ultra fina e possui letras grandes com texto b\u00edblico na tradu\u00e7\u00e3o Nova Almeida Atualizada.<\/p>\n","protected":false},"excerpt":{"rendered":"<p>Excelente op\u00e7\u00e3o para o dia a dia, esta edi\u00e7\u00e3o da B\u00edblia Sagrada \u00e9 ultra fina e possui letras grandes com&hellip;<\/p>\n","protected":false},"featured_media":252631,"comment_status":"open","ping_status":"closed","template":"","meta":[],"product_cat":[139,174],"product_tag":[],"_links":{"self":[{"href":"https:\/\/www.livrariarema.com.br\/loja\/wp-json\/wp\/v2\/product\/60834"}],"collection":[{"href":"https:\/\/www.livrariarema.com.br\/loja\/wp-json\/wp\/v2\/product"}],"about":[{"href":"https:\/\/www.livrariarema.com.br\/loja\/wp-json\/wp\/v2\/types\/product"}],"replies":[{"embeddable":true,"href":"https:\/\/www.livrariarema.com.br\/loja\/wp-json\/wp\/v2\/comments?post=60834"}],"wp:featuredmedia":[{"embeddable":true,"href":"https:\/\/www.livrariarema.com.br\/loja\/wp-json\/wp\/v2\/media\/252631"}],"wp:attachment":[{"href":"https:\/\/www.livrariarema.com.br\/loja\/wp-json\/wp\/v2\/media?parent=60834"}],"wp:term":[{"taxonomy":"product_cat","embeddable":true,"href":"https:\/\/www.livrariarema.com.br\/loja\/wp-json\/wp\/v2\/product_cat?post=60834"},{"taxonomy":"product_tag","embeddable":true,"href":"https:\/\/www.livrariarema.com.br\/loja\/wp-json\/wp\/v2\/product_tag?post=60834"}],"curies":[{"name":"wp","href":"https:\/\/api.w.org\/{rel}","templated":true}]}}