{"id":60848,"date":"2021-01-22T14:42:17","date_gmt":"2021-01-22T17:42:17","guid":{"rendered":"https:\/\/www.livrariarema.com.br\/loja\/produtos\/sem%20categoria\/30-historias-da-biblia-para-a-hora-de-dormir\/"},"modified":"2026-02-11T13:58:46","modified_gmt":"2026-02-11T16:58:46","slug":"30-historias-da-biblia-para-a-hora-de-dormir","status":"publish","type":"product","link":"https:\/\/www.livrariarema.com.br\/loja\/produtos\/livros\/infantil\/30-historias-da-biblia-para-a-hora-de-dormir\/","title":{"rendered":"30 Hist\u00f3rias Da B\u00edblia Para A Hora De Dormir"},"content":{"rendered":"<p>A hora de dormir \u00e9 um momento especial tanto para os pais quanto para os pequenos. Torne este momento ainda mais significativo com essas hist\u00f3rias cheias de encanto e lindas ilustra\u00e7\u00f5es.<\/p>\n<p>. A Cria\u00e7\u00e3o<br \/>\n. Ad\u00e3o e Eva<br \/>\n. No\u00e9 e sua Grande Arca<br \/>\n. O velho Abra\u00e3o tem um Filho<br \/>\n. Jos\u00e9 interpreta os sonhos do Fara\u00f3<br \/>\n. Mois\u00e9s<\/p>\n","protected":false},"excerpt":{"rendered":"<p>A hora de dormir \u00e9 um momento especial tanto para os pais quanto para os pequenos. Torne este momento ainda&hellip;<\/p>\n","protected":false},"featured_media":344335,"comment_status":"open","ping_status":"closed","template":"","meta":[],"product_cat":[144,134],"product_tag":[],"_links":{"self":[{"href":"https:\/\/www.livrariarema.com.br\/loja\/wp-json\/wp\/v2\/product\/60848"}],"collection":[{"href":"https:\/\/www.livrariarema.com.br\/loja\/wp-json\/wp\/v2\/product"}],"about":[{"href":"https:\/\/www.livrariarema.com.br\/loja\/wp-json\/wp\/v2\/types\/product"}],"replies":[{"embeddable":true,"href":"https:\/\/www.livrariarema.com.br\/loja\/wp-json\/wp\/v2\/comments?post=60848"}],"wp:featuredmedia":[{"embeddable":true,"href":"https:\/\/www.livrariarema.com.br\/loja\/wp-json\/wp\/v2\/media\/344335"}],"wp:attachment":[{"href":"https:\/\/www.livrariarema.com.br\/loja\/wp-json\/wp\/v2\/media?parent=60848"}],"wp:term":[{"taxonomy":"product_cat","embeddable":true,"href":"https:\/\/www.livrariarema.com.br\/loja\/wp-json\/wp\/v2\/product_cat?post=60848"},{"taxonomy":"product_tag","embeddable":true,"href":"https:\/\/www.livrariarema.com.br\/loja\/wp-json\/wp\/v2\/product_tag?post=60848"}],"curies":[{"name":"wp","href":"https:\/\/api.w.org\/{rel}","templated":true}]}}