{"id":60850,"date":"2021-01-22T14:42:21","date_gmt":"2021-01-22T17:42:21","guid":{"rendered":"https:\/\/www.livrariarema.com.br\/loja\/produtos\/sem%20categoria\/um-banquete-feito-para-voce-watchman-nee\/"},"modified":"2026-02-23T16:30:55","modified_gmt":"2026-02-23T19:30:55","slug":"um-banquete-feito-para-voce-watchman-nee","status":"publish","type":"product","link":"https:\/\/www.livrariarema.com.br\/loja\/produtos\/livros\/devocional\/um-banquete-feito-para-voce-watchman-nee\/","title":{"rendered":"Um Banquete Feito Para Voc\u00ea &#8211; Watchman Nee"},"content":{"rendered":"<p>Colet\u00e2nea das obras do evangelista chin\u00eas Watchman Nee, Um banquete feito para voc\u00ea nos apresenta medita\u00e7\u00f5es di\u00e1rias que definem a natureza e a gl\u00f3ria de Deus como ponto de partida para os nossos questionamentos espirituais.<br \/>\nMaravilha e gratid\u00e3o t\u00eam lugar de destaque nos devocionais de Watchman Nee. Por meio de passagens b\u00edblicas e de leituras devocionais, voc\u00ea ser\u00e1 atra\u00eddo repetidas vezes para uma nova perpectiva sobre a onipresen\u00e7a de Deus.<\/p>\n<p>B\u00ean\u00e7\u00e3o \u00e9 um fruto que n\u00e3o tem rela\u00e7\u00e3o com aquilo que somos, consequ\u00eancias que n\u00e3o s\u00e3o apenas o trabalho de causa e efeito. A b\u00ean\u00e7\u00e3o vem quando Deus age completamente al\u00e9m daquilo que pensamos, por amor de seu nome.<br \/>\n<br \/>\nWATCHMAN NEE<\/p>\n","protected":false},"excerpt":{"rendered":"<p>Colet\u00e2nea das obras do evangelista chin\u00eas Watchman Nee, Um banquete feito para voc\u00ea nos apresenta medita\u00e7\u00f5es di\u00e1rias que definem a&hellip;<\/p>\n","protected":false},"featured_media":163907,"comment_status":"open","ping_status":"closed","template":"","meta":[],"product_cat":[158,134],"product_tag":[],"_links":{"self":[{"href":"https:\/\/www.livrariarema.com.br\/loja\/wp-json\/wp\/v2\/product\/60850"}],"collection":[{"href":"https:\/\/www.livrariarema.com.br\/loja\/wp-json\/wp\/v2\/product"}],"about":[{"href":"https:\/\/www.livrariarema.com.br\/loja\/wp-json\/wp\/v2\/types\/product"}],"replies":[{"embeddable":true,"href":"https:\/\/www.livrariarema.com.br\/loja\/wp-json\/wp\/v2\/comments?post=60850"}],"wp:featuredmedia":[{"embeddable":true,"href":"https:\/\/www.livrariarema.com.br\/loja\/wp-json\/wp\/v2\/media\/163907"}],"wp:attachment":[{"href":"https:\/\/www.livrariarema.com.br\/loja\/wp-json\/wp\/v2\/media?parent=60850"}],"wp:term":[{"taxonomy":"product_cat","embeddable":true,"href":"https:\/\/www.livrariarema.com.br\/loja\/wp-json\/wp\/v2\/product_cat?post=60850"},{"taxonomy":"product_tag","embeddable":true,"href":"https:\/\/www.livrariarema.com.br\/loja\/wp-json\/wp\/v2\/product_tag?post=60850"}],"curies":[{"name":"wp","href":"https:\/\/api.w.org\/{rel}","templated":true}]}}