{"id":60856,"date":"2021-01-22T14:42:33","date_gmt":"2021-01-22T17:42:33","guid":{"rendered":"https:\/\/www.livrariarema.com.br\/loja\/produtos\/sem%20categoria\/tua-palavra-e-a-verdade-a-hermisten-maia\/"},"modified":"2025-11-24T13:47:21","modified_gmt":"2025-11-24T16:47:21","slug":"tua-palavra-e-a-verdade-a-hermisten-maia","status":"publish","type":"product","link":"https:\/\/www.livrariarema.com.br\/loja\/produtos\/promocao\/livros-promocao\/tua-palavra-e-a-verdade-a-hermisten-maia\/","title":{"rendered":"Tua Palavra \u00c9 A Verdade, A &#8211; Hermisten Maia"},"content":{"rendered":"<p>A Igreja tem o privil\u00e9gio de proclamar a Palavra. Por causa disso, ela deve compreender as Escrituras para anunci\u00e1-las com fidelidade e vivenci\u00e1-las para que sua proclama\u00e7\u00e3o seja com autoridade.<\/p>\n","protected":false},"excerpt":{"rendered":"<p>A Igreja tem o privil\u00e9gio de proclamar a Palavra. Por causa disso, ela deve compreender as Escrituras para anunci\u00e1-las com&hellip;<\/p>\n","protected":false},"featured_media":341439,"comment_status":"open","ping_status":"closed","template":"","meta":[],"product_cat":[143,142],"product_tag":[],"_links":{"self":[{"href":"https:\/\/www.livrariarema.com.br\/loja\/wp-json\/wp\/v2\/product\/60856"}],"collection":[{"href":"https:\/\/www.livrariarema.com.br\/loja\/wp-json\/wp\/v2\/product"}],"about":[{"href":"https:\/\/www.livrariarema.com.br\/loja\/wp-json\/wp\/v2\/types\/product"}],"replies":[{"embeddable":true,"href":"https:\/\/www.livrariarema.com.br\/loja\/wp-json\/wp\/v2\/comments?post=60856"}],"wp:featuredmedia":[{"embeddable":true,"href":"https:\/\/www.livrariarema.com.br\/loja\/wp-json\/wp\/v2\/media\/341439"}],"wp:attachment":[{"href":"https:\/\/www.livrariarema.com.br\/loja\/wp-json\/wp\/v2\/media?parent=60856"}],"wp:term":[{"taxonomy":"product_cat","embeddable":true,"href":"https:\/\/www.livrariarema.com.br\/loja\/wp-json\/wp\/v2\/product_cat?post=60856"},{"taxonomy":"product_tag","embeddable":true,"href":"https:\/\/www.livrariarema.com.br\/loja\/wp-json\/wp\/v2\/product_tag?post=60856"}],"curies":[{"name":"wp","href":"https:\/\/api.w.org\/{rel}","templated":true}]}}