{"id":60884,"date":"2021-01-22T14:43:31","date_gmt":"2021-01-22T17:43:31","guid":{"rendered":"https:\/\/www.livrariarema.com.br\/loja\/produtos\/sem%20categoria\/imputacao-do-pecado-de-adao-a-john-murray\/"},"modified":"2025-11-24T13:48:18","modified_gmt":"2025-11-24T16:48:18","slug":"imputacao-do-pecado-de-adao-a-john-murray","status":"publish","type":"product","link":"https:\/\/www.livrariarema.com.br\/loja\/produtos\/promocao\/livros-promocao\/imputacao-do-pecado-de-adao-a-john-murray\/","title":{"rendered":"Imputa\u00e7\u00e3o Do Pecado De Ad\u00e3o, A &#8211; John Murray"},"content":{"rendered":"<p>UM CL\u00c1SSICO DA TRADI\u00c7\u00c3O REFORMADA<\/p>\n<p>Esta obra cl\u00e1ssica de John Murray analisa as v\u00e1rias interpreta\u00e7\u00f5es de Romanos 5.12-19, examinando a constru\u00e7\u00e3o sint\u00e1tica, o pecado contemplado, a uni\u00e3o envolvida, a natureza da imputa\u00e7\u00e3o e o pecado imputado. Murray examina as interpreta\u00e7\u00f5es pelagiana, cat\u00f3lica e protestante cl\u00e1ssica da passagem.<\/p>\n<p>&#8220;Por que somos punidos pelo pecado de Ad\u00e3o? A resposta pode ser encontrada em Romanos 5, e a exposi\u00e7\u00e3o do argumento de Paulo feita por John Murray \u00e9 a melhor que j\u00e1 vi. Murray mostra claramente o paralelo entre a imputa\u00e7\u00e3o divina do pecado de Ad\u00e3o a n\u00f3s e a imputa\u00e7\u00e3o divina da justi\u00e7a de Cristo a n\u00f3s. Sem o pecado de Ad\u00e3o n\u00e3o haveria necessidade da cruz de Cristo.&#8221; &#8211; Dr. John Frame<\/p>\n<p>&#8220;A imputa\u00e7\u00e3o do pecado de Ad\u00e3o, de John Murray, \u00e9 um cl\u00e1ssico em sua \u00e1rea. Fundamentado na B\u00edblia, claro, convincente e humilhante, \u00e9 historicamente fiel, intelectualmente estimulante e espiritualmente edificante. Trata-se de uma leitura obrigat\u00f3ria &#8211; um livro fundamental para entender por implica\u00e7\u00e3o a imputa\u00e7\u00e3o da justi\u00e7a de Cristo. J\u00e1 era hora de o livro aparecer em portugu\u00eas!&#8221; &#8211; Dr. Joel R. Beeke<\/p>\n","protected":false},"excerpt":{"rendered":"<p>UM CL\u00c1SSICO DA TRADI\u00c7\u00c3O REFORMADA Esta obra cl\u00e1ssica de John Murray analisa as v\u00e1rias interpreta\u00e7\u00f5es de Romanos 5.12-19, examinando a&hellip;<\/p>\n","protected":false},"featured_media":341442,"comment_status":"open","ping_status":"closed","template":"","meta":[],"product_cat":[143,142],"product_tag":[],"_links":{"self":[{"href":"https:\/\/www.livrariarema.com.br\/loja\/wp-json\/wp\/v2\/product\/60884"}],"collection":[{"href":"https:\/\/www.livrariarema.com.br\/loja\/wp-json\/wp\/v2\/product"}],"about":[{"href":"https:\/\/www.livrariarema.com.br\/loja\/wp-json\/wp\/v2\/types\/product"}],"replies":[{"embeddable":true,"href":"https:\/\/www.livrariarema.com.br\/loja\/wp-json\/wp\/v2\/comments?post=60884"}],"wp:featuredmedia":[{"embeddable":true,"href":"https:\/\/www.livrariarema.com.br\/loja\/wp-json\/wp\/v2\/media\/341442"}],"wp:attachment":[{"href":"https:\/\/www.livrariarema.com.br\/loja\/wp-json\/wp\/v2\/media?parent=60884"}],"wp:term":[{"taxonomy":"product_cat","embeddable":true,"href":"https:\/\/www.livrariarema.com.br\/loja\/wp-json\/wp\/v2\/product_cat?post=60884"},{"taxonomy":"product_tag","embeddable":true,"href":"https:\/\/www.livrariarema.com.br\/loja\/wp-json\/wp\/v2\/product_tag?post=60884"}],"curies":[{"name":"wp","href":"https:\/\/api.w.org\/{rel}","templated":true}]}}