{"id":60891,"date":"2021-01-22T14:43:43","date_gmt":"2021-01-22T17:43:43","guid":{"rendered":"https:\/\/www.livrariarema.com.br\/loja\/produtos\/sem%20categoria\/serie-herois-cristaos-ontem-e-hoje-isobel-kuhn-janet-benge-e-geoff-benge\/"},"modified":"2026-04-02T09:30:44","modified_gmt":"2026-04-02T12:30:44","slug":"serie-herois-cristaos-ontem-e-hoje-isobel-kuhn-janet-benge-e-geoff-benge","status":"publish","type":"product","link":"https:\/\/www.livrariarema.com.br\/loja\/produtos\/livros\/biografia\/serie-herois-cristaos-ontem-e-hoje-isobel-kuhn-janet-benge-e-geoff-benge\/","title":{"rendered":"S\u00e9rie Her\u00f3is Crist\u00e3os Ontem E Hoje &#8211; Vol. 09 &#8211; Isobel Kuhn &#8211; Janet Benge E Geoff Benge"},"content":{"rendered":"<p>Como uma adolescente de quatorze anos decidida a viver uma vida &#8220;moderna&#8221;, a \u00faltima coisa que Isobel Kuhn queria ser quando crescesse era uma mission\u00e1ria. Mas, como se viu, a vida dessa jovem agn\u00f3stica foi redirecionada da crise e da d\u00favida para a esperan\u00e7a e a for\u00e7a.<\/p>\n<p>Convencida de que Deus queria que ela pregasse o evangelho como mission\u00e1ria no interior da China, Isobel serviu bravamente entre o povo Lisu nas remotas regi\u00f5es montanhosas da China e da Tail\u00e2ndia. Depois de mais de vinte anos de minist\u00e9rio, Isobel voltou aos Estados Unidos, escrevendo hist\u00f3rias emocionantes de f\u00e9 que inspiraram gera\u00e7\u00f5es de leitores.<\/p>\n","protected":false},"excerpt":{"rendered":"<p>Como uma adolescente de quatorze anos decidida a viver uma vida &#8220;moderna&#8221;, a \u00faltima coisa que Isobel Kuhn queria ser&hellip;<\/p>\n","protected":false},"featured_media":345103,"comment_status":"open","ping_status":"closed","template":"","meta":[],"product_cat":[181,134],"product_tag":[],"_links":{"self":[{"href":"https:\/\/www.livrariarema.com.br\/loja\/wp-json\/wp\/v2\/product\/60891"}],"collection":[{"href":"https:\/\/www.livrariarema.com.br\/loja\/wp-json\/wp\/v2\/product"}],"about":[{"href":"https:\/\/www.livrariarema.com.br\/loja\/wp-json\/wp\/v2\/types\/product"}],"replies":[{"embeddable":true,"href":"https:\/\/www.livrariarema.com.br\/loja\/wp-json\/wp\/v2\/comments?post=60891"}],"wp:featuredmedia":[{"embeddable":true,"href":"https:\/\/www.livrariarema.com.br\/loja\/wp-json\/wp\/v2\/media\/345103"}],"wp:attachment":[{"href":"https:\/\/www.livrariarema.com.br\/loja\/wp-json\/wp\/v2\/media?parent=60891"}],"wp:term":[{"taxonomy":"product_cat","embeddable":true,"href":"https:\/\/www.livrariarema.com.br\/loja\/wp-json\/wp\/v2\/product_cat?post=60891"},{"taxonomy":"product_tag","embeddable":true,"href":"https:\/\/www.livrariarema.com.br\/loja\/wp-json\/wp\/v2\/product_tag?post=60891"}],"curies":[{"name":"wp","href":"https:\/\/api.w.org\/{rel}","templated":true}]}}