{"id":60894,"date":"2021-01-22T14:43:48","date_gmt":"2021-01-22T17:43:48","guid":{"rendered":"https:\/\/www.livrariarema.com.br\/loja\/produtos\/sem%20categoria\/serie-herois-cristaos-ontem-e-hoje-gladys-aylward-janet-benge-e-geoff-benge\/"},"modified":"2026-03-04T12:38:32","modified_gmt":"2026-03-04T15:38:32","slug":"serie-herois-cristaos-ontem-e-hoje-gladys-aylward-janet-benge-e-geoff-benge","status":"publish","type":"product","link":"https:\/\/www.livrariarema.com.br\/loja\/produtos\/livros\/biografia\/serie-herois-cristaos-ontem-e-hoje-gladys-aylward-janet-benge-e-geoff-benge\/","title":{"rendered":"S\u00e9rie Her\u00f3is Crist\u00e3os Ontem E Hoje &#8211; Vol. 10 &#8211; Gladys Aylward &#8211; Janet Benge E Geoff Benge"},"content":{"rendered":"<p>Sem educa\u00e7\u00e3o formal ou uma organiza\u00e7\u00e3o mission\u00e1ria para apoi\u00e1-la, Gladys levantou suas pr\u00f3prias finan\u00e7as para realizar a viagem por terra que a levaria ao pa\u00eds e ao povo que Deus havia gravado t\u00e3o profundamente em seu cora\u00e7\u00e3o: a China!<\/p>\n<p>O que temos \u00e9 uma incr\u00edvel aventura de f\u00e9 e determina\u00e7\u00e3o. Gladys Aylward, uma empregada dom\u00e9stica da Inglaterra, ousou confiar em Deus em face de circunst\u00e2ncias terr\u00edveis e aparentemente desesperadoras. Sua vida \u00e9 uma das verdadeiras grandes hist\u00f3rias mission\u00e1rias de nossa era.<\/p>\n","protected":false},"excerpt":{"rendered":"<p>Sem educa\u00e7\u00e3o formal ou uma organiza\u00e7\u00e3o mission\u00e1ria para apoi\u00e1-la, Gladys levantou suas pr\u00f3prias finan\u00e7as para realizar a viagem por terra&hellip;<\/p>\n","protected":false},"featured_media":345838,"comment_status":"open","ping_status":"closed","template":"","meta":[],"product_cat":[181,134],"product_tag":[],"_links":{"self":[{"href":"https:\/\/www.livrariarema.com.br\/loja\/wp-json\/wp\/v2\/product\/60894"}],"collection":[{"href":"https:\/\/www.livrariarema.com.br\/loja\/wp-json\/wp\/v2\/product"}],"about":[{"href":"https:\/\/www.livrariarema.com.br\/loja\/wp-json\/wp\/v2\/types\/product"}],"replies":[{"embeddable":true,"href":"https:\/\/www.livrariarema.com.br\/loja\/wp-json\/wp\/v2\/comments?post=60894"}],"wp:featuredmedia":[{"embeddable":true,"href":"https:\/\/www.livrariarema.com.br\/loja\/wp-json\/wp\/v2\/media\/345838"}],"wp:attachment":[{"href":"https:\/\/www.livrariarema.com.br\/loja\/wp-json\/wp\/v2\/media?parent=60894"}],"wp:term":[{"taxonomy":"product_cat","embeddable":true,"href":"https:\/\/www.livrariarema.com.br\/loja\/wp-json\/wp\/v2\/product_cat?post=60894"},{"taxonomy":"product_tag","embeddable":true,"href":"https:\/\/www.livrariarema.com.br\/loja\/wp-json\/wp\/v2\/product_tag?post=60894"}],"curies":[{"name":"wp","href":"https:\/\/api.w.org\/{rel}","templated":true}]}}