{"id":60927,"date":"2021-01-22T14:45:03","date_gmt":"2021-01-22T17:45:03","guid":{"rendered":"https:\/\/www.livrariarema.com.br\/loja\/produtos\/sem%20categoria\/caneta-uni-emott-0-4mm-roxa-sy-11\/"},"modified":"2025-09-02T14:26:04","modified_gmt":"2025-09-02T17:26:04","slug":"caneta-uni-emott-0-4mm-roxa-sy-11","status":"publish","type":"product","link":"https:\/\/www.livrariarema.com.br\/loja\/produtos\/papelaria\/canetas\/caneta-uni-emott-0-4mm-roxa-sy-11\/","title":{"rendered":"Caneta &#8211; Uni Emott &#8211; 0.4Mm &#8211; Roxa Sy.11"},"content":{"rendered":"<p>Ponta sint\u00e9tica, corpo em pl\u00e1stico e tinta a base de \u00e1gua.<\/p>\n","protected":false},"excerpt":{"rendered":"<p>Ponta sint\u00e9tica, corpo em pl\u00e1stico e tinta a base de \u00e1gua.<\/p>\n","protected":false},"featured_media":336125,"comment_status":"open","ping_status":"closed","template":"","meta":[],"product_cat":[216,215],"product_tag":[],"_links":{"self":[{"href":"https:\/\/www.livrariarema.com.br\/loja\/wp-json\/wp\/v2\/product\/60927"}],"collection":[{"href":"https:\/\/www.livrariarema.com.br\/loja\/wp-json\/wp\/v2\/product"}],"about":[{"href":"https:\/\/www.livrariarema.com.br\/loja\/wp-json\/wp\/v2\/types\/product"}],"replies":[{"embeddable":true,"href":"https:\/\/www.livrariarema.com.br\/loja\/wp-json\/wp\/v2\/comments?post=60927"}],"wp:featuredmedia":[{"embeddable":true,"href":"https:\/\/www.livrariarema.com.br\/loja\/wp-json\/wp\/v2\/media\/336125"}],"wp:attachment":[{"href":"https:\/\/www.livrariarema.com.br\/loja\/wp-json\/wp\/v2\/media?parent=60927"}],"wp:term":[{"taxonomy":"product_cat","embeddable":true,"href":"https:\/\/www.livrariarema.com.br\/loja\/wp-json\/wp\/v2\/product_cat?post=60927"},{"taxonomy":"product_tag","embeddable":true,"href":"https:\/\/www.livrariarema.com.br\/loja\/wp-json\/wp\/v2\/product_tag?post=60927"}],"curies":[{"name":"wp","href":"https:\/\/api.w.org\/{rel}","templated":true}]}}